{"id":231,"date":"2023-10-24T21:00:33","date_gmt":"2023-10-24T21:00:33","guid":{"rendered":"https:\/\/ibis-haguenau.accorv2prod.decms.eu\/seminaire\/"},"modified":"2024-02-15T13:52:55","modified_gmt":"2024-02-15T13:52:55","slug":"seminarbereich","status":"publish","type":"page","link":"https:\/\/www.ibis-haguenau.com\/de\/seminarbereich\/","title":{"rendered":"Seminare"},"content":{"rendered":"<p>Entdecken Sie unseren vielseitigen Seminarraum, der f\u00fcr einen Tag oder einen halben Tag gemietet werden kann und f\u00fcr bis zu 12 Personen ausgelegt ist. Dieser Raum ist komplett mit einem digitalen Grossbildschirm und einer Kamera ausgestattet, um Ihre Videokonferenzen zu erleichtern. F\u00fcr Ihren Komfort bieten wir eine Reihe von B\u00fcrobedarf, einschliesslich Stift, Blatt Papier, eine Flasche stilles Wasser, eine Flasche Mineralwasser und ein Glas f\u00fcr jeden Teilnehmer.<\/p>\n<p>W\u00e4hrend Ihrer Meetings sorgen wir f\u00fcr Ihr Wohlbefinden und bieten Ihnen eine wohlverdiente Pause mit heissen Getr\u00e4nke und erfrischende Fruchts\u00e4ften. Eine kleine Leckerei verleiht Ihrem produktiven Austauch einen Hauch von Vergn\u00fcgen. Dies ist auf zus\u00e4tzliche Anfrage erh\u00e4ltlich.<\/p>\n","protected":false},"excerpt":{"rendered":"<p>Entdecken Sie unseren vielseitigen Seminarraum, der f\u00fcr einen Tag oder einen halben Tag gemietet werden kann und f\u00fcr bis zu 12 Personen ausgelegt ist. Dieser Raum ist komplett mit einem digitalen Grossbildschirm und einer Kamera ausgestattet, um Ihre Videokonferenzen zu erleichtern. F\u00fcr Ihren Komfort bieten wir eine Reihe von B\u00fcrobedarf, einschliesslich Stift, Blatt Papier, eine [&hellip;]<\/p>\n","protected":false},"author":118,"featured_media":0,"parent":0,"menu_order":0,"comment_status":"closed","ping_status":"closed","template":"template-meetings.php","meta":{"footnotes":""},"categories":[],"class_list":["post-231","page","type-page","status-publish","hentry"],"acf":[],"yoast_head":"<!-- This site is optimized with the Yoast SEO plugin v26.9 - https:\/\/yoast.com\/product\/yoast-seo-wordpress\/ -->\n<title>Seminare - Ibis Haguenau ***<\/title>\n<meta name=\"description\" content=\"Entdecken Sie unseren vielseitigen Seminarraum, der f\u00fcr einen Tag oder einen halben Tag gemietet werden kann und f\u00fcr bis zu 12 Personen ausgelegt ist.\" \/>\n<meta name=\"robots\" content=\"index, follow, max-snippet:-1, max-image-preview:large, max-video-preview:-1\" \/>\n<link rel=\"canonical\" href=\"https:\/\/www.ibis-haguenau.com\/de\/seminarbereich\/\" \/>\n<meta property=\"og:locale\" content=\"de_DE\" \/>\n<meta property=\"og:type\" content=\"article\" \/>\n<meta property=\"og:title\" content=\"Seminare - Ibis Haguenau ***\" \/>\n<meta property=\"og:description\" content=\"Entdecken Sie unseren vielseitigen Seminarraum, der f\u00fcr einen Tag oder einen halben Tag gemietet werden kann und f\u00fcr bis zu 12 Personen ausgelegt ist.\" \/>\n<meta property=\"og:url\" content=\"https:\/\/www.ibis-haguenau.com\/de\/seminarbereich\/\" \/>\n<meta property=\"og:site_name\" content=\"Ibis Haguenau ***\" \/>\n<meta property=\"article:modified_time\" content=\"2024-02-15T13:52:55+00:00\" \/>\n<meta name=\"twitter:card\" content=\"summary_large_image\" \/>\n<meta name=\"twitter:label1\" content=\"Gesch\u00e4tzte Lesezeit\" \/>\n\t<meta name=\"twitter:data1\" content=\"1 Minute\" \/>\n<script type=\"application\/ld+json\" class=\"yoast-schema-graph\">{\"@context\":\"https:\/\/schema.org\",\"@graph\":[{\"@type\":\"WebPage\",\"@id\":\"https:\/\/www.ibis-haguenau.com\/de\/seminarbereich\/\",\"url\":\"https:\/\/www.ibis-haguenau.com\/de\/seminarbereich\/\",\"name\":\"Seminare - Ibis Haguenau ***\",\"isPartOf\":{\"@id\":\"https:\/\/www.ibis-haguenau.com\/#website\"},\"datePublished\":\"2023-10-24T21:00:33+00:00\",\"dateModified\":\"2024-02-15T13:52:55+00:00\",\"description\":\"Entdecken Sie unseren vielseitigen Seminarraum, der f\u00fcr einen Tag oder einen halben Tag gemietet werden kann und f\u00fcr bis zu 12 Personen ausgelegt ist.\",\"breadcrumb\":{\"@id\":\"https:\/\/www.ibis-haguenau.com\/de\/seminarbereich\/#breadcrumb\"},\"inLanguage\":\"de-DE\",\"potentialAction\":[{\"@type\":\"ReadAction\",\"target\":[\"https:\/\/www.ibis-haguenau.com\/de\/seminarbereich\/\"]}]},{\"@type\":\"BreadcrumbList\",\"@id\":\"https:\/\/www.ibis-haguenau.com\/de\/seminarbereich\/#breadcrumb\",\"itemListElement\":[{\"@type\":\"ListItem\",\"position\":1,\"name\":\"Home\",\"item\":\"https:\/\/www.ibis-haguenau.com\/de\/\"},{\"@type\":\"ListItem\",\"position\":2,\"name\":\"Seminare\"}]},{\"@type\":\"WebSite\",\"@id\":\"https:\/\/www.ibis-haguenau.com\/#website\",\"url\":\"https:\/\/www.ibis-haguenau.com\/\",\"name\":\"Ibis Haguenau ***\",\"description\":\"\",\"potentialAction\":[{\"@type\":\"SearchAction\",\"target\":{\"@type\":\"EntryPoint\",\"urlTemplate\":\"https:\/\/www.ibis-haguenau.com\/?s={search_term_string}\"},\"query-input\":{\"@type\":\"PropertyValueSpecification\",\"valueRequired\":true,\"valueName\":\"search_term_string\"}}],\"inLanguage\":\"de-DE\"}]}<\/script>\n<!-- \/ Yoast SEO plugin. -->","yoast_head_json":{"title":"Seminare - Ibis Haguenau ***","description":"Entdecken Sie unseren vielseitigen Seminarraum, der f\u00fcr einen Tag oder einen halben Tag gemietet werden kann und f\u00fcr bis zu 12 Personen ausgelegt ist.","robots":{"index":"index","follow":"follow","max-snippet":"max-snippet:-1","max-image-preview":"max-image-preview:large","max-video-preview":"max-video-preview:-1"},"canonical":"https:\/\/www.ibis-haguenau.com\/de\/seminarbereich\/","og_locale":"de_DE","og_type":"article","og_title":"Seminare - Ibis Haguenau ***","og_description":"Entdecken Sie unseren vielseitigen Seminarraum, der f\u00fcr einen Tag oder einen halben Tag gemietet werden kann und f\u00fcr bis zu 12 Personen ausgelegt ist.","og_url":"https:\/\/www.ibis-haguenau.com\/de\/seminarbereich\/","og_site_name":"Ibis Haguenau ***","article_modified_time":"2024-02-15T13:52:55+00:00","twitter_card":"summary_large_image","twitter_misc":{"Gesch\u00e4tzte Lesezeit":"1 Minute"},"schema":{"@context":"https:\/\/schema.org","@graph":[{"@type":"WebPage","@id":"https:\/\/www.ibis-haguenau.com\/de\/seminarbereich\/","url":"https:\/\/www.ibis-haguenau.com\/de\/seminarbereich\/","name":"Seminare - Ibis Haguenau ***","isPartOf":{"@id":"https:\/\/www.ibis-haguenau.com\/#website"},"datePublished":"2023-10-24T21:00:33+00:00","dateModified":"2024-02-15T13:52:55+00:00","description":"Entdecken Sie unseren vielseitigen Seminarraum, der f\u00fcr einen Tag oder einen halben Tag gemietet werden kann und f\u00fcr bis zu 12 Personen ausgelegt ist.","breadcrumb":{"@id":"https:\/\/www.ibis-haguenau.com\/de\/seminarbereich\/#breadcrumb"},"inLanguage":"de-DE","potentialAction":[{"@type":"ReadAction","target":["https:\/\/www.ibis-haguenau.com\/de\/seminarbereich\/"]}]},{"@type":"BreadcrumbList","@id":"https:\/\/www.ibis-haguenau.com\/de\/seminarbereich\/#breadcrumb","itemListElement":[{"@type":"ListItem","position":1,"name":"Home","item":"https:\/\/www.ibis-haguenau.com\/de\/"},{"@type":"ListItem","position":2,"name":"Seminare"}]},{"@type":"WebSite","@id":"https:\/\/www.ibis-haguenau.com\/#website","url":"https:\/\/www.ibis-haguenau.com\/","name":"Ibis Haguenau ***","description":"","potentialAction":[{"@type":"SearchAction","target":{"@type":"EntryPoint","urlTemplate":"https:\/\/www.ibis-haguenau.com\/?s={search_term_string}"},"query-input":{"@type":"PropertyValueSpecification","valueRequired":true,"valueName":"search_term_string"}}],"inLanguage":"de-DE"}]}},"_links":{"self":[{"href":"https:\/\/www.ibis-haguenau.com\/de\/wp-json\/wp\/v2\/pages\/231","targetHints":{"allow":["GET"]}}],"collection":[{"href":"https:\/\/www.ibis-haguenau.com\/de\/wp-json\/wp\/v2\/pages"}],"about":[{"href":"https:\/\/www.ibis-haguenau.com\/de\/wp-json\/wp\/v2\/types\/page"}],"author":[{"embeddable":true,"href":"https:\/\/www.ibis-haguenau.com\/de\/wp-json\/wp\/v2\/users\/118"}],"replies":[{"embeddable":true,"href":"https:\/\/www.ibis-haguenau.com\/de\/wp-json\/wp\/v2\/comments?post=231"}],"version-history":[{"count":0,"href":"https:\/\/www.ibis-haguenau.com\/de\/wp-json\/wp\/v2\/pages\/231\/revisions"}],"wp:attachment":[{"href":"https:\/\/www.ibis-haguenau.com\/de\/wp-json\/wp\/v2\/media?parent=231"}],"wp:term":[{"taxonomy":"category","embeddable":true,"href":"https:\/\/www.ibis-haguenau.com\/de\/wp-json\/wp\/v2\/categories?post=231"}],"curies":[{"name":"wp","href":"https:\/\/api.w.org\/{rel}","templated":true}]}}