{"id":237,"date":"2023-10-24T18:04:26","date_gmt":"2023-10-24T18:04:26","guid":{"rendered":"https:\/\/ibis-haguenau.accorv2prod.decms.eu\/ibis-haguenau-strasbourg-nord\/"},"modified":"2024-02-15T16:34:33","modified_gmt":"2024-02-15T16:34:33","slug":"ibis-haguenau-strasbourg-nord","status":"publish","type":"page","link":"https:\/\/www.ibis-haguenau.com\/de\/","title":{"rendered":"Ibis Haguenau"},"content":{"rendered":"<p style=\"text-align: center;\"><strong>Erleben Sie ein aussergew\u00f6hnliches Mass an Komfort,<br \/>\nbei dem jeder Moment zu einem unvergesslichen Erlebnis wird.<\/strong><\/p>\n<p>F\u00fcr ein einzigartiges Entspannungserlebnis bietet unser Hotel eine Reihe von geselligen r\u00e4umen, in denen Sie sich entspannen und unterhalten k\u00f6nnen. Egal, ob Sie ein Tischfussballfan, ein Fan von Fussballabenden auf Grossleinwand, ein Fan der Bar oder eine Gourmet Pause auf der Terrasse suchen, Sie sind hier richtig.<\/p>\n<p>Unsere Atmosph\u00e4re ist bezaubernd mit Instrumenten wie Gitarre und Ukulele f\u00fcr ein Hauch von Live Music. Mit einem Coworking Bereich, privaten B\u00fcros, einem Seminarraum mit interaktivem Bildschirm und Kamera sowie einem Mini-amphitheater erwarten Sie aussergew\u00f6hnliche Qualit\u00e4t f\u00fcr Ihre Dienstleistungen. Nur 2km vom lebhaften Stadtzentrum von Haguenau entfernt, \u00f6ffnet unsere privilegierte Lage Ihnen die T\u00fcren zu einer Vielzahl von unvergesslichen Erlebnissen.<\/p>\n<p>Entdecken Sie das wundersch\u00f6ne Music Hall Royal Palace in Kirrwiller, erkunden Sie Hunspach, das zum &#8220; Lieblingsdorf der Franzosen&#8220; gew\u00e4hlt wudre, oder tauchen Sie ein in die Pracht von Baden-Baden, Wissembourg und den geheimnissvollen Burgen. Unsere N\u00e4he mit Strasburg, dem Tor zum Nord Elsass sowie dem renommierten Markenzentrum in Roppenheim und der Shopping Promenade Vendenheim macht Haguenau zum idealen Ausgangspunkt, um die Region zu erkunden, sei es nach Strasburg, Sarreguemines, Deutschland, und viele andere Sch\u00e4tze zu entdecken.<\/p>\n<p>F\u00fcr Naturliebhaber erwatet Sie Moment im Freien, mit Zugang zum Wald weniger als 500 Meter von unserem Haus entfernt, wo Sie im Herzen der Natur neue Kraft tanken k\u00f6nnen. <\/p>\n","protected":false},"excerpt":{"rendered":"<p>Erleben Sie ein aussergew\u00f6hnliches Mass an Komfort, bei dem jeder Moment zu einem unvergesslichen Erlebnis wird. F\u00fcr ein einzigartiges Entspannungserlebnis bietet unser Hotel eine Reihe von geselligen r\u00e4umen, in denen Sie sich entspannen und unterhalten k\u00f6nnen. Egal, ob Sie ein Tischfussballfan, ein Fan von Fussballabenden auf Grossleinwand, ein Fan der Bar oder eine Gourmet Pause [&hellip;]<\/p>\n","protected":false},"author":118,"featured_media":0,"parent":0,"menu_order":0,"comment_status":"closed","ping_status":"closed","template":"","meta":{"footnotes":""},"categories":[],"class_list":["post-237","page","type-page","status-publish","hentry"],"acf":[],"yoast_head":"<!-- This site is optimized with the Yoast SEO plugin v26.9 - https:\/\/yoast.com\/product\/yoast-seo-wordpress\/ -->\n<title>Ibis Haguenau - Ibis Haguenau ***<\/title>\n<meta name=\"description\" content=\"Erleben Sie ein aussergew\u00f6hnliches Mass an Komfort, bei dem jeder Moment zu einem unvergesslichen Erlebnis wird. F\u00fcr ein einzigartiges\" \/>\n<meta name=\"robots\" content=\"index, follow, max-snippet:-1, max-image-preview:large, max-video-preview:-1\" \/>\n<link rel=\"canonical\" href=\"https:\/\/www.ibis-haguenau.com\/de\/\" \/>\n<meta property=\"og:locale\" content=\"de_DE\" \/>\n<meta property=\"og:type\" content=\"article\" \/>\n<meta property=\"og:title\" content=\"Ibis Haguenau - Ibis Haguenau ***\" \/>\n<meta property=\"og:description\" content=\"Erleben Sie ein aussergew\u00f6hnliches Mass an Komfort, bei dem jeder Moment zu einem unvergesslichen Erlebnis wird. F\u00fcr ein einzigartiges\" \/>\n<meta property=\"og:url\" content=\"https:\/\/www.ibis-haguenau.com\/de\/\" \/>\n<meta property=\"og:site_name\" content=\"Ibis Haguenau ***\" \/>\n<meta property=\"article:modified_time\" content=\"2024-02-15T16:34:33+00:00\" \/>\n<meta name=\"twitter:card\" content=\"summary_large_image\" \/>\n<meta name=\"twitter:label1\" content=\"Gesch\u00e4tzte Lesezeit\" \/>\n\t<meta name=\"twitter:data1\" content=\"2 Minuten\" \/>\n<script type=\"application\/ld+json\" class=\"yoast-schema-graph\">{\"@context\":\"https:\/\/schema.org\",\"@graph\":[{\"@type\":\"WebPage\",\"@id\":\"https:\/\/www.ibis-haguenau.com\/de\/\",\"url\":\"https:\/\/www.ibis-haguenau.com\/de\/\",\"name\":\"Ibis Haguenau - Ibis Haguenau ***\",\"isPartOf\":{\"@id\":\"https:\/\/www.ibis-haguenau.com\/#website\"},\"datePublished\":\"2023-10-24T18:04:26+00:00\",\"dateModified\":\"2024-02-15T16:34:33+00:00\",\"description\":\"Erleben Sie ein aussergew\u00f6hnliches Mass an Komfort, bei dem jeder Moment zu einem unvergesslichen Erlebnis wird. F\u00fcr ein einzigartiges\",\"breadcrumb\":{\"@id\":\"https:\/\/www.ibis-haguenau.com\/de\/#breadcrumb\"},\"inLanguage\":\"de-DE\",\"potentialAction\":[{\"@type\":\"ReadAction\",\"target\":[\"https:\/\/www.ibis-haguenau.com\/de\/\"]}]},{\"@type\":\"BreadcrumbList\",\"@id\":\"https:\/\/www.ibis-haguenau.com\/de\/#breadcrumb\",\"itemListElement\":[{\"@type\":\"ListItem\",\"position\":1,\"name\":\"Home\",\"item\":\"https:\/\/www.ibis-haguenau.com\/de\/\"},{\"@type\":\"ListItem\",\"position\":2,\"name\":\"Ibis Haguenau\"}]},{\"@type\":\"WebSite\",\"@id\":\"https:\/\/www.ibis-haguenau.com\/#website\",\"url\":\"https:\/\/www.ibis-haguenau.com\/\",\"name\":\"Ibis Haguenau ***\",\"description\":\"\",\"potentialAction\":[{\"@type\":\"SearchAction\",\"target\":{\"@type\":\"EntryPoint\",\"urlTemplate\":\"https:\/\/www.ibis-haguenau.com\/?s={search_term_string}\"},\"query-input\":{\"@type\":\"PropertyValueSpecification\",\"valueRequired\":true,\"valueName\":\"search_term_string\"}}],\"inLanguage\":\"de-DE\"}]}<\/script>\n<!-- \/ Yoast SEO plugin. -->","yoast_head_json":{"title":"Ibis Haguenau - Ibis Haguenau ***","description":"Erleben Sie ein aussergew\u00f6hnliches Mass an Komfort, bei dem jeder Moment zu einem unvergesslichen Erlebnis wird. F\u00fcr ein einzigartiges","robots":{"index":"index","follow":"follow","max-snippet":"max-snippet:-1","max-image-preview":"max-image-preview:large","max-video-preview":"max-video-preview:-1"},"canonical":"https:\/\/www.ibis-haguenau.com\/de\/","og_locale":"de_DE","og_type":"article","og_title":"Ibis Haguenau - Ibis Haguenau ***","og_description":"Erleben Sie ein aussergew\u00f6hnliches Mass an Komfort, bei dem jeder Moment zu einem unvergesslichen Erlebnis wird. F\u00fcr ein einzigartiges","og_url":"https:\/\/www.ibis-haguenau.com\/de\/","og_site_name":"Ibis Haguenau ***","article_modified_time":"2024-02-15T16:34:33+00:00","twitter_card":"summary_large_image","twitter_misc":{"Gesch\u00e4tzte Lesezeit":"2 Minuten"},"schema":{"@context":"https:\/\/schema.org","@graph":[{"@type":"WebPage","@id":"https:\/\/www.ibis-haguenau.com\/de\/","url":"https:\/\/www.ibis-haguenau.com\/de\/","name":"Ibis Haguenau - Ibis Haguenau ***","isPartOf":{"@id":"https:\/\/www.ibis-haguenau.com\/#website"},"datePublished":"2023-10-24T18:04:26+00:00","dateModified":"2024-02-15T16:34:33+00:00","description":"Erleben Sie ein aussergew\u00f6hnliches Mass an Komfort, bei dem jeder Moment zu einem unvergesslichen Erlebnis wird. F\u00fcr ein einzigartiges","breadcrumb":{"@id":"https:\/\/www.ibis-haguenau.com\/de\/#breadcrumb"},"inLanguage":"de-DE","potentialAction":[{"@type":"ReadAction","target":["https:\/\/www.ibis-haguenau.com\/de\/"]}]},{"@type":"BreadcrumbList","@id":"https:\/\/www.ibis-haguenau.com\/de\/#breadcrumb","itemListElement":[{"@type":"ListItem","position":1,"name":"Home","item":"https:\/\/www.ibis-haguenau.com\/de\/"},{"@type":"ListItem","position":2,"name":"Ibis Haguenau"}]},{"@type":"WebSite","@id":"https:\/\/www.ibis-haguenau.com\/#website","url":"https:\/\/www.ibis-haguenau.com\/","name":"Ibis Haguenau ***","description":"","potentialAction":[{"@type":"SearchAction","target":{"@type":"EntryPoint","urlTemplate":"https:\/\/www.ibis-haguenau.com\/?s={search_term_string}"},"query-input":{"@type":"PropertyValueSpecification","valueRequired":true,"valueName":"search_term_string"}}],"inLanguage":"de-DE"}]}},"_links":{"self":[{"href":"https:\/\/www.ibis-haguenau.com\/de\/wp-json\/wp\/v2\/pages\/237","targetHints":{"allow":["GET"]}}],"collection":[{"href":"https:\/\/www.ibis-haguenau.com\/de\/wp-json\/wp\/v2\/pages"}],"about":[{"href":"https:\/\/www.ibis-haguenau.com\/de\/wp-json\/wp\/v2\/types\/page"}],"author":[{"embeddable":true,"href":"https:\/\/www.ibis-haguenau.com\/de\/wp-json\/wp\/v2\/users\/118"}],"replies":[{"embeddable":true,"href":"https:\/\/www.ibis-haguenau.com\/de\/wp-json\/wp\/v2\/comments?post=237"}],"version-history":[{"count":0,"href":"https:\/\/www.ibis-haguenau.com\/de\/wp-json\/wp\/v2\/pages\/237\/revisions"}],"wp:attachment":[{"href":"https:\/\/www.ibis-haguenau.com\/de\/wp-json\/wp\/v2\/media?parent=237"}],"wp:term":[{"taxonomy":"category","embeddable":true,"href":"https:\/\/www.ibis-haguenau.com\/de\/wp-json\/wp\/v2\/categories?post=237"}],"curies":[{"name":"wp","href":"https:\/\/api.w.org\/{rel}","templated":true}]}}