{"id":243,"date":"2023-10-24T18:22:57","date_gmt":"2023-10-24T18:22:57","guid":{"rendered":"https:\/\/ibis-haguenau.accorv2prod.decms.eu\/nos-chambres\/"},"modified":"2024-03-18T10:14:08","modified_gmt":"2024-03-18T10:14:08","slug":"unsere-zimmer","status":"publish","type":"page","link":"https:\/\/www.ibis-haguenau.com\/de\/unsere-zimmer\/","title":{"rendered":"Zimmer"},"content":{"rendered":"<p style=\"text-align: center;\">Endecken Sie die Exzellens in jedem Detail unserer Zimmer. Jedes Zimmer ist auf Ihren Komfort ausgelegt und bietet ein ger\u00e4umiges Badezimmer, einen funktionalen Arbeitsbereich und ein eigenes WC.<\/p>\n<p style=\"text-align: center;\">Sie erhalten auch einen Haartrockner, ein hochwertiges Bett f\u00fcr erholsame N\u00e4chte, einen Flachbildschirm f\u00fcr Ihre Unterhaltung, eine Klimaanlage f\u00fcr eine ideale Temperatur, einen Heizk\u00f6rper f\u00fcr zus\u00e4tzliche W\u00e4rme, und ein B\u00fcro f\u00fcr Ihre beruflichen Bed\u00fcrfnisse. Geniessen Sie Fernsehen mit einer Vielzahl von Kan\u00e4len, darunter Canal+ und Bein Sports, und verbinden Sie sich schnell \u00fcber unsere Glasfaserverbindung.<\/p>\n<p style=\"text-align: center;\">Wir k\u00fcmmern uns um jedes Detail, um Ihren Aufenhalt aussergew\u00f6hnlich zu machen.<\/p>\n","protected":false},"excerpt":{"rendered":"<p>Endecken Sie die Exzellens in jedem Detail unserer Zimmer. Jedes Zimmer ist auf Ihren Komfort ausgelegt und bietet ein ger\u00e4umiges Badezimmer, einen funktionalen Arbeitsbereich und ein eigenes WC. Sie erhalten auch einen Haartrockner, ein hochwertiges Bett f\u00fcr erholsame N\u00e4chte, einen Flachbildschirm f\u00fcr Ihre Unterhaltung, eine Klimaanlage f\u00fcr eine ideale Temperatur, einen Heizk\u00f6rper f\u00fcr zus\u00e4tzliche W\u00e4rme, [&hellip;]<\/p>\n","protected":false},"author":118,"featured_media":0,"parent":0,"menu_order":0,"comment_status":"closed","ping_status":"closed","template":"template-rooms.php","meta":{"footnotes":""},"categories":[],"class_list":["post-243","page","type-page","status-publish","hentry"],"acf":[],"yoast_head":"<!-- This site is optimized with the Yoast SEO plugin v26.9 - https:\/\/yoast.com\/product\/yoast-seo-wordpress\/ -->\n<title>Zimmer - Ibis Haguenau ***<\/title>\n<meta name=\"description\" content=\"Endecken Sie die Exzellens in jedem Detail unserer Zimmer. Jedes Zimmer ist auf Ihren Komfort ausgelegt und bietet ein ger\u00e4umiges Badezimmer, einen\" \/>\n<meta name=\"robots\" content=\"index, follow, max-snippet:-1, max-image-preview:large, max-video-preview:-1\" \/>\n<link rel=\"canonical\" href=\"https:\/\/www.ibis-haguenau.com\/de\/unsere-zimmer\/\" \/>\n<meta property=\"og:locale\" content=\"de_DE\" \/>\n<meta property=\"og:type\" content=\"article\" \/>\n<meta property=\"og:title\" content=\"Zimmer - Ibis Haguenau ***\" \/>\n<meta property=\"og:description\" content=\"Endecken Sie die Exzellens in jedem Detail unserer Zimmer. Jedes Zimmer ist auf Ihren Komfort ausgelegt und bietet ein ger\u00e4umiges Badezimmer, einen\" \/>\n<meta property=\"og:url\" content=\"https:\/\/www.ibis-haguenau.com\/de\/unsere-zimmer\/\" \/>\n<meta property=\"og:site_name\" content=\"Ibis Haguenau ***\" \/>\n<meta property=\"article:modified_time\" content=\"2024-03-18T10:14:08+00:00\" \/>\n<meta name=\"twitter:card\" content=\"summary_large_image\" \/>\n<meta name=\"twitter:label1\" content=\"Gesch\u00e4tzte Lesezeit\" \/>\n\t<meta name=\"twitter:data1\" content=\"1 Minute\" \/>\n<script type=\"application\/ld+json\" class=\"yoast-schema-graph\">{\"@context\":\"https:\/\/schema.org\",\"@graph\":[{\"@type\":\"WebPage\",\"@id\":\"https:\/\/www.ibis-haguenau.com\/de\/unsere-zimmer\/\",\"url\":\"https:\/\/www.ibis-haguenau.com\/de\/unsere-zimmer\/\",\"name\":\"Zimmer - Ibis Haguenau ***\",\"isPartOf\":{\"@id\":\"https:\/\/www.ibis-haguenau.com\/#website\"},\"datePublished\":\"2023-10-24T18:22:57+00:00\",\"dateModified\":\"2024-03-18T10:14:08+00:00\",\"description\":\"Endecken Sie die Exzellens in jedem Detail unserer Zimmer. Jedes Zimmer ist auf Ihren Komfort ausgelegt und bietet ein ger\u00e4umiges Badezimmer, einen\",\"breadcrumb\":{\"@id\":\"https:\/\/www.ibis-haguenau.com\/de\/unsere-zimmer\/#breadcrumb\"},\"inLanguage\":\"de-DE\",\"potentialAction\":[{\"@type\":\"ReadAction\",\"target\":[\"https:\/\/www.ibis-haguenau.com\/de\/unsere-zimmer\/\"]}]},{\"@type\":\"BreadcrumbList\",\"@id\":\"https:\/\/www.ibis-haguenau.com\/de\/unsere-zimmer\/#breadcrumb\",\"itemListElement\":[{\"@type\":\"ListItem\",\"position\":1,\"name\":\"Home\",\"item\":\"https:\/\/www.ibis-haguenau.com\/de\/\"},{\"@type\":\"ListItem\",\"position\":2,\"name\":\"Zimmer\"}]},{\"@type\":\"WebSite\",\"@id\":\"https:\/\/www.ibis-haguenau.com\/#website\",\"url\":\"https:\/\/www.ibis-haguenau.com\/\",\"name\":\"Ibis Haguenau ***\",\"description\":\"\",\"potentialAction\":[{\"@type\":\"SearchAction\",\"target\":{\"@type\":\"EntryPoint\",\"urlTemplate\":\"https:\/\/www.ibis-haguenau.com\/?s={search_term_string}\"},\"query-input\":{\"@type\":\"PropertyValueSpecification\",\"valueRequired\":true,\"valueName\":\"search_term_string\"}}],\"inLanguage\":\"de-DE\"}]}<\/script>\n<!-- \/ Yoast SEO plugin. -->","yoast_head_json":{"title":"Zimmer - Ibis Haguenau ***","description":"Endecken Sie die Exzellens in jedem Detail unserer Zimmer. Jedes Zimmer ist auf Ihren Komfort ausgelegt und bietet ein ger\u00e4umiges Badezimmer, einen","robots":{"index":"index","follow":"follow","max-snippet":"max-snippet:-1","max-image-preview":"max-image-preview:large","max-video-preview":"max-video-preview:-1"},"canonical":"https:\/\/www.ibis-haguenau.com\/de\/unsere-zimmer\/","og_locale":"de_DE","og_type":"article","og_title":"Zimmer - Ibis Haguenau ***","og_description":"Endecken Sie die Exzellens in jedem Detail unserer Zimmer. Jedes Zimmer ist auf Ihren Komfort ausgelegt und bietet ein ger\u00e4umiges Badezimmer, einen","og_url":"https:\/\/www.ibis-haguenau.com\/de\/unsere-zimmer\/","og_site_name":"Ibis Haguenau ***","article_modified_time":"2024-03-18T10:14:08+00:00","twitter_card":"summary_large_image","twitter_misc":{"Gesch\u00e4tzte Lesezeit":"1 Minute"},"schema":{"@context":"https:\/\/schema.org","@graph":[{"@type":"WebPage","@id":"https:\/\/www.ibis-haguenau.com\/de\/unsere-zimmer\/","url":"https:\/\/www.ibis-haguenau.com\/de\/unsere-zimmer\/","name":"Zimmer - Ibis Haguenau ***","isPartOf":{"@id":"https:\/\/www.ibis-haguenau.com\/#website"},"datePublished":"2023-10-24T18:22:57+00:00","dateModified":"2024-03-18T10:14:08+00:00","description":"Endecken Sie die Exzellens in jedem Detail unserer Zimmer. Jedes Zimmer ist auf Ihren Komfort ausgelegt und bietet ein ger\u00e4umiges Badezimmer, einen","breadcrumb":{"@id":"https:\/\/www.ibis-haguenau.com\/de\/unsere-zimmer\/#breadcrumb"},"inLanguage":"de-DE","potentialAction":[{"@type":"ReadAction","target":["https:\/\/www.ibis-haguenau.com\/de\/unsere-zimmer\/"]}]},{"@type":"BreadcrumbList","@id":"https:\/\/www.ibis-haguenau.com\/de\/unsere-zimmer\/#breadcrumb","itemListElement":[{"@type":"ListItem","position":1,"name":"Home","item":"https:\/\/www.ibis-haguenau.com\/de\/"},{"@type":"ListItem","position":2,"name":"Zimmer"}]},{"@type":"WebSite","@id":"https:\/\/www.ibis-haguenau.com\/#website","url":"https:\/\/www.ibis-haguenau.com\/","name":"Ibis Haguenau ***","description":"","potentialAction":[{"@type":"SearchAction","target":{"@type":"EntryPoint","urlTemplate":"https:\/\/www.ibis-haguenau.com\/?s={search_term_string}"},"query-input":{"@type":"PropertyValueSpecification","valueRequired":true,"valueName":"search_term_string"}}],"inLanguage":"de-DE"}]}},"_links":{"self":[{"href":"https:\/\/www.ibis-haguenau.com\/de\/wp-json\/wp\/v2\/pages\/243","targetHints":{"allow":["GET"]}}],"collection":[{"href":"https:\/\/www.ibis-haguenau.com\/de\/wp-json\/wp\/v2\/pages"}],"about":[{"href":"https:\/\/www.ibis-haguenau.com\/de\/wp-json\/wp\/v2\/types\/page"}],"author":[{"embeddable":true,"href":"https:\/\/www.ibis-haguenau.com\/de\/wp-json\/wp\/v2\/users\/118"}],"replies":[{"embeddable":true,"href":"https:\/\/www.ibis-haguenau.com\/de\/wp-json\/wp\/v2\/comments?post=243"}],"version-history":[{"count":0,"href":"https:\/\/www.ibis-haguenau.com\/de\/wp-json\/wp\/v2\/pages\/243\/revisions"}],"wp:attachment":[{"href":"https:\/\/www.ibis-haguenau.com\/de\/wp-json\/wp\/v2\/media?parent=243"}],"wp:term":[{"taxonomy":"category","embeddable":true,"href":"https:\/\/www.ibis-haguenau.com\/de\/wp-json\/wp\/v2\/categories?post=243"}],"curies":[{"name":"wp","href":"https:\/\/api.w.org\/{rel}","templated":true}]}}