{"id":249,"date":"2023-10-24T18:29:32","date_gmt":"2023-10-24T18:29:32","guid":{"rendered":"https:\/\/ibis-haguenau.accorv2prod.decms.eu\/nos-chambres\/chambre-standard-1-lit-double-1-lit-simple\/"},"modified":"2024-02-15T10:55:24","modified_gmt":"2024-02-15T10:55:24","slug":"standard-zimmer-1-doppelbett-1-eizelbett","status":"publish","type":"page","link":"https:\/\/www.ibis-haguenau.com\/de\/unsere-zimmer\/standard-zimmer-1-doppelbett-1-eizelbett\/","title":{"rendered":"Standard Zimmer <br \/>mit 1 Doppelbett <br \/>und 1 Eizelbett"},"content":{"rendered":"<p style=\"text-align: center;\">F\u00fcr eine wirklich unvergessliche Nacht bietet unser Dreibettzimmer ein Doppelbett und ein Einzelbett sowie ein Badezimmer mit italienischer Dusche.<\/p>\n<p style=\"text-align: center;\">Dieses Zimmer ist ideal f\u00fcr ein bis drei Personen, alle mit unseren hochwertigen Betten &#8222;Sweet bed by Ibis&#8220; f\u00fcr unvergessliche N\u00e4chte mit purem Komfort.<\/p>\n","protected":false},"excerpt":{"rendered":"<p>F\u00fcr eine wirklich unvergessliche Nacht bietet unser Dreibettzimmer ein Doppelbett und ein Einzelbett sowie ein Badezimmer mit italienischer Dusche. Dieses Zimmer ist ideal f\u00fcr ein bis drei Personen, alle mit unseren hochwertigen Betten &#8222;Sweet bed by Ibis&#8220; f\u00fcr unvergessliche N\u00e4chte mit purem Komfort.<\/p>\n","protected":false},"author":118,"featured_media":0,"parent":243,"menu_order":30,"comment_status":"closed","ping_status":"closed","template":"template-room.php","meta":{"footnotes":""},"categories":[],"class_list":["post-249","page","type-page","status-publish","hentry"],"acf":[],"yoast_head":"<!-- This site is optimized with the Yoast SEO plugin v26.9 - https:\/\/yoast.com\/product\/yoast-seo-wordpress\/ -->\n<title>Standard Zimmer mit 1 Doppelbett und 1 Eizelbett - Ibis Haguenau ***<\/title>\n<meta name=\"description\" content=\"F\u00fcr eine wirklich unvergessliche Nacht bietet unser Dreibettzimmer ein Doppelbett und ein Einzelbett sowie ein Badezimmer mit italienischer Dusche. Dieses\" \/>\n<meta name=\"robots\" content=\"index, follow, max-snippet:-1, max-image-preview:large, max-video-preview:-1\" \/>\n<link rel=\"canonical\" href=\"https:\/\/www.ibis-haguenau.com\/de\/unsere-zimmer\/standard-zimmer-1-doppelbett-1-eizelbett\/\" \/>\n<meta property=\"og:locale\" content=\"de_DE\" \/>\n<meta property=\"og:type\" content=\"article\" \/>\n<meta property=\"og:title\" content=\"Standard Zimmer mit 1 Doppelbett und 1 Eizelbett - Ibis Haguenau ***\" \/>\n<meta property=\"og:description\" content=\"F\u00fcr eine wirklich unvergessliche Nacht bietet unser Dreibettzimmer ein Doppelbett und ein Einzelbett sowie ein Badezimmer mit italienischer Dusche. Dieses\" \/>\n<meta property=\"og:url\" content=\"https:\/\/www.ibis-haguenau.com\/de\/unsere-zimmer\/standard-zimmer-1-doppelbett-1-eizelbett\/\" \/>\n<meta property=\"og:site_name\" content=\"Ibis Haguenau ***\" \/>\n<meta property=\"article:modified_time\" content=\"2024-02-15T10:55:24+00:00\" \/>\n<meta name=\"twitter:card\" content=\"summary_large_image\" \/>\n<meta name=\"twitter:label1\" content=\"Gesch\u00e4tzte Lesezeit\" \/>\n\t<meta name=\"twitter:data1\" content=\"1 Minute\" \/>\n<script type=\"application\/ld+json\" class=\"yoast-schema-graph\">{\"@context\":\"https:\/\/schema.org\",\"@graph\":[{\"@type\":\"WebPage\",\"@id\":\"https:\/\/www.ibis-haguenau.com\/de\/unsere-zimmer\/standard-zimmer-1-doppelbett-1-eizelbett\/\",\"url\":\"https:\/\/www.ibis-haguenau.com\/de\/unsere-zimmer\/standard-zimmer-1-doppelbett-1-eizelbett\/\",\"name\":\"Standard Zimmer mit 1 Doppelbett und 1 Eizelbett - Ibis Haguenau ***\",\"isPartOf\":{\"@id\":\"https:\/\/www.ibis-haguenau.com\/#website\"},\"datePublished\":\"2023-10-24T18:29:32+00:00\",\"dateModified\":\"2024-02-15T10:55:24+00:00\",\"description\":\"F\u00fcr eine wirklich unvergessliche Nacht bietet unser Dreibettzimmer ein Doppelbett und ein Einzelbett sowie ein Badezimmer mit italienischer Dusche. Dieses\",\"breadcrumb\":{\"@id\":\"https:\/\/www.ibis-haguenau.com\/de\/unsere-zimmer\/standard-zimmer-1-doppelbett-1-eizelbett\/#breadcrumb\"},\"inLanguage\":\"de-DE\",\"potentialAction\":[{\"@type\":\"ReadAction\",\"target\":[\"https:\/\/www.ibis-haguenau.com\/de\/unsere-zimmer\/standard-zimmer-1-doppelbett-1-eizelbett\/\"]}]},{\"@type\":\"BreadcrumbList\",\"@id\":\"https:\/\/www.ibis-haguenau.com\/de\/unsere-zimmer\/standard-zimmer-1-doppelbett-1-eizelbett\/#breadcrumb\",\"itemListElement\":[{\"@type\":\"ListItem\",\"position\":1,\"name\":\"Home\",\"item\":\"https:\/\/www.ibis-haguenau.com\/de\/\"},{\"@type\":\"ListItem\",\"position\":2,\"name\":\"Zimmer\",\"item\":\"https:\/\/www.ibis-haguenau.com\/de\/nos-chambres\/\"},{\"@type\":\"ListItem\",\"position\":3,\"name\":\"Standard Zimmer mit 1 Doppelbett und 1 Eizelbett\"}]},{\"@type\":\"WebSite\",\"@id\":\"https:\/\/www.ibis-haguenau.com\/#website\",\"url\":\"https:\/\/www.ibis-haguenau.com\/\",\"name\":\"Ibis Haguenau ***\",\"description\":\"\",\"potentialAction\":[{\"@type\":\"SearchAction\",\"target\":{\"@type\":\"EntryPoint\",\"urlTemplate\":\"https:\/\/www.ibis-haguenau.com\/?s={search_term_string}\"},\"query-input\":{\"@type\":\"PropertyValueSpecification\",\"valueRequired\":true,\"valueName\":\"search_term_string\"}}],\"inLanguage\":\"de-DE\"}]}<\/script>\n<!-- \/ Yoast SEO plugin. -->","yoast_head_json":{"title":"Standard Zimmer mit 1 Doppelbett und 1 Eizelbett - Ibis Haguenau ***","description":"F\u00fcr eine wirklich unvergessliche Nacht bietet unser Dreibettzimmer ein Doppelbett und ein Einzelbett sowie ein Badezimmer mit italienischer Dusche. Dieses","robots":{"index":"index","follow":"follow","max-snippet":"max-snippet:-1","max-image-preview":"max-image-preview:large","max-video-preview":"max-video-preview:-1"},"canonical":"https:\/\/www.ibis-haguenau.com\/de\/unsere-zimmer\/standard-zimmer-1-doppelbett-1-eizelbett\/","og_locale":"de_DE","og_type":"article","og_title":"Standard Zimmer mit 1 Doppelbett und 1 Eizelbett - Ibis Haguenau ***","og_description":"F\u00fcr eine wirklich unvergessliche Nacht bietet unser Dreibettzimmer ein Doppelbett und ein Einzelbett sowie ein Badezimmer mit italienischer Dusche. Dieses","og_url":"https:\/\/www.ibis-haguenau.com\/de\/unsere-zimmer\/standard-zimmer-1-doppelbett-1-eizelbett\/","og_site_name":"Ibis Haguenau ***","article_modified_time":"2024-02-15T10:55:24+00:00","twitter_card":"summary_large_image","twitter_misc":{"Gesch\u00e4tzte Lesezeit":"1 Minute"},"schema":{"@context":"https:\/\/schema.org","@graph":[{"@type":"WebPage","@id":"https:\/\/www.ibis-haguenau.com\/de\/unsere-zimmer\/standard-zimmer-1-doppelbett-1-eizelbett\/","url":"https:\/\/www.ibis-haguenau.com\/de\/unsere-zimmer\/standard-zimmer-1-doppelbett-1-eizelbett\/","name":"Standard Zimmer mit 1 Doppelbett und 1 Eizelbett - Ibis Haguenau ***","isPartOf":{"@id":"https:\/\/www.ibis-haguenau.com\/#website"},"datePublished":"2023-10-24T18:29:32+00:00","dateModified":"2024-02-15T10:55:24+00:00","description":"F\u00fcr eine wirklich unvergessliche Nacht bietet unser Dreibettzimmer ein Doppelbett und ein Einzelbett sowie ein Badezimmer mit italienischer Dusche. Dieses","breadcrumb":{"@id":"https:\/\/www.ibis-haguenau.com\/de\/unsere-zimmer\/standard-zimmer-1-doppelbett-1-eizelbett\/#breadcrumb"},"inLanguage":"de-DE","potentialAction":[{"@type":"ReadAction","target":["https:\/\/www.ibis-haguenau.com\/de\/unsere-zimmer\/standard-zimmer-1-doppelbett-1-eizelbett\/"]}]},{"@type":"BreadcrumbList","@id":"https:\/\/www.ibis-haguenau.com\/de\/unsere-zimmer\/standard-zimmer-1-doppelbett-1-eizelbett\/#breadcrumb","itemListElement":[{"@type":"ListItem","position":1,"name":"Home","item":"https:\/\/www.ibis-haguenau.com\/de\/"},{"@type":"ListItem","position":2,"name":"Zimmer","item":"https:\/\/www.ibis-haguenau.com\/de\/nos-chambres\/"},{"@type":"ListItem","position":3,"name":"Standard Zimmer mit 1 Doppelbett und 1 Eizelbett"}]},{"@type":"WebSite","@id":"https:\/\/www.ibis-haguenau.com\/#website","url":"https:\/\/www.ibis-haguenau.com\/","name":"Ibis Haguenau ***","description":"","potentialAction":[{"@type":"SearchAction","target":{"@type":"EntryPoint","urlTemplate":"https:\/\/www.ibis-haguenau.com\/?s={search_term_string}"},"query-input":{"@type":"PropertyValueSpecification","valueRequired":true,"valueName":"search_term_string"}}],"inLanguage":"de-DE"}]}},"_links":{"self":[{"href":"https:\/\/www.ibis-haguenau.com\/de\/wp-json\/wp\/v2\/pages\/249","targetHints":{"allow":["GET"]}}],"collection":[{"href":"https:\/\/www.ibis-haguenau.com\/de\/wp-json\/wp\/v2\/pages"}],"about":[{"href":"https:\/\/www.ibis-haguenau.com\/de\/wp-json\/wp\/v2\/types\/page"}],"author":[{"embeddable":true,"href":"https:\/\/www.ibis-haguenau.com\/de\/wp-json\/wp\/v2\/users\/118"}],"replies":[{"embeddable":true,"href":"https:\/\/www.ibis-haguenau.com\/de\/wp-json\/wp\/v2\/comments?post=249"}],"version-history":[{"count":0,"href":"https:\/\/www.ibis-haguenau.com\/de\/wp-json\/wp\/v2\/pages\/249\/revisions"}],"up":[{"embeddable":true,"href":"https:\/\/www.ibis-haguenau.com\/de\/wp-json\/wp\/v2\/pages\/243"}],"wp:attachment":[{"href":"https:\/\/www.ibis-haguenau.com\/de\/wp-json\/wp\/v2\/media?parent=249"}],"wp:term":[{"taxonomy":"category","embeddable":true,"href":"https:\/\/www.ibis-haguenau.com\/de\/wp-json\/wp\/v2\/categories?post=249"}],"curies":[{"name":"wp","href":"https:\/\/api.w.org\/{rel}","templated":true}]}}