{"id":251,"date":"2023-10-24T18:26:55","date_gmt":"2023-10-24T18:26:55","guid":{"rendered":"https:\/\/ibis-haguenau.accorv2prod.decms.eu\/nos-chambres\/chambre-standard-1-lit-double-2-lits-simples\/"},"modified":"2024-03-18T10:15:44","modified_gmt":"2024-03-18T10:15:44","slug":"standard-zimmer-1-doppelbett-2-eizelbetten","status":"publish","type":"page","link":"https:\/\/www.ibis-haguenau.com\/de\/unsere-zimmer\/standard-zimmer-1-doppelbett-2-eizelbetten\/","title":{"rendered":"Standard Zimmer <br \/>mit 1 Doppelbett <br \/>und 2 Eizelbetten"},"content":{"rendered":"<p style=\"text-align: center;\">Entdecken Sie f\u00fcr einen Familienausflug unser ger\u00e4umiges Zimmer mit einem bequemen Doppelbett und zwei Eizelbetten f\u00fcr einen ruhigen Schlaf.<\/p>\n<p style=\"text-align: center;\">Genissen Sie unsere hochwertigen Betten &#8222;Sweet bed by Ibis&#8220; f\u00fcr unvergessliche N\u00e4chte.<\/p>\n","protected":false},"excerpt":{"rendered":"<p>Entdecken Sie f\u00fcr einen Familienausflug unser ger\u00e4umiges Zimmer mit einem bequemen Doppelbett und zwei Eizelbetten f\u00fcr einen ruhigen Schlaf. Genissen Sie unsere hochwertigen Betten &#8222;Sweet bed by Ibis&#8220; f\u00fcr unvergessliche N\u00e4chte.<\/p>\n","protected":false},"author":118,"featured_media":0,"parent":243,"menu_order":40,"comment_status":"closed","ping_status":"closed","template":"template-room.php","meta":{"footnotes":""},"categories":[],"class_list":["post-251","page","type-page","status-publish","hentry"],"acf":[],"yoast_head":"<!-- This site is optimized with the Yoast SEO plugin v26.9 - https:\/\/yoast.com\/product\/yoast-seo-wordpress\/ -->\n<title>Standard Zimmer mit 1 Doppelbett und 2 Eizelbetten - Ibis Haguenau ***<\/title>\n<meta name=\"description\" content=\"Entdecken Sie f\u00fcr einen Familienausflug unser ger\u00e4umiges Zimmer mit einem bequemen Doppelbett und zwei Eizelbetten f\u00fcr einen ruhigen Schlaf. Genissen Sie\" \/>\n<meta name=\"robots\" content=\"index, follow, max-snippet:-1, max-image-preview:large, max-video-preview:-1\" \/>\n<link rel=\"canonical\" href=\"https:\/\/www.ibis-haguenau.com\/de\/unsere-zimmer\/standard-zimmer-1-doppelbett-2-eizelbetten\/\" \/>\n<meta property=\"og:locale\" content=\"de_DE\" \/>\n<meta property=\"og:type\" content=\"article\" \/>\n<meta property=\"og:title\" content=\"Standard Zimmer mit 1 Doppelbett und 2 Eizelbetten - Ibis Haguenau ***\" \/>\n<meta property=\"og:description\" content=\"Entdecken Sie f\u00fcr einen Familienausflug unser ger\u00e4umiges Zimmer mit einem bequemen Doppelbett und zwei Eizelbetten f\u00fcr einen ruhigen Schlaf. Genissen Sie\" \/>\n<meta property=\"og:url\" content=\"https:\/\/www.ibis-haguenau.com\/de\/unsere-zimmer\/standard-zimmer-1-doppelbett-2-eizelbetten\/\" \/>\n<meta property=\"og:site_name\" content=\"Ibis Haguenau ***\" \/>\n<meta property=\"article:modified_time\" content=\"2024-03-18T10:15:44+00:00\" \/>\n<meta name=\"twitter:card\" content=\"summary_large_image\" \/>\n<meta name=\"twitter:label1\" content=\"Gesch\u00e4tzte Lesezeit\" \/>\n\t<meta name=\"twitter:data1\" content=\"1 Minute\" \/>\n<script type=\"application\/ld+json\" class=\"yoast-schema-graph\">{\"@context\":\"https:\/\/schema.org\",\"@graph\":[{\"@type\":\"WebPage\",\"@id\":\"https:\/\/www.ibis-haguenau.com\/de\/unsere-zimmer\/standard-zimmer-1-doppelbett-2-eizelbetten\/\",\"url\":\"https:\/\/www.ibis-haguenau.com\/de\/unsere-zimmer\/standard-zimmer-1-doppelbett-2-eizelbetten\/\",\"name\":\"Standard Zimmer mit 1 Doppelbett und 2 Eizelbetten - Ibis Haguenau ***\",\"isPartOf\":{\"@id\":\"https:\/\/www.ibis-haguenau.com\/#website\"},\"datePublished\":\"2023-10-24T18:26:55+00:00\",\"dateModified\":\"2024-03-18T10:15:44+00:00\",\"description\":\"Entdecken Sie f\u00fcr einen Familienausflug unser ger\u00e4umiges Zimmer mit einem bequemen Doppelbett und zwei Eizelbetten f\u00fcr einen ruhigen Schlaf. Genissen Sie\",\"breadcrumb\":{\"@id\":\"https:\/\/www.ibis-haguenau.com\/de\/unsere-zimmer\/standard-zimmer-1-doppelbett-2-eizelbetten\/#breadcrumb\"},\"inLanguage\":\"de-DE\",\"potentialAction\":[{\"@type\":\"ReadAction\",\"target\":[\"https:\/\/www.ibis-haguenau.com\/de\/unsere-zimmer\/standard-zimmer-1-doppelbett-2-eizelbetten\/\"]}]},{\"@type\":\"BreadcrumbList\",\"@id\":\"https:\/\/www.ibis-haguenau.com\/de\/unsere-zimmer\/standard-zimmer-1-doppelbett-2-eizelbetten\/#breadcrumb\",\"itemListElement\":[{\"@type\":\"ListItem\",\"position\":1,\"name\":\"Home\",\"item\":\"https:\/\/www.ibis-haguenau.com\/de\/\"},{\"@type\":\"ListItem\",\"position\":2,\"name\":\"Zimmer\",\"item\":\"https:\/\/www.ibis-haguenau.com\/de\/nos-chambres\/\"},{\"@type\":\"ListItem\",\"position\":3,\"name\":\"Standard Zimmer mit 1 Doppelbett und 2 Eizelbetten\"}]},{\"@type\":\"WebSite\",\"@id\":\"https:\/\/www.ibis-haguenau.com\/#website\",\"url\":\"https:\/\/www.ibis-haguenau.com\/\",\"name\":\"Ibis Haguenau ***\",\"description\":\"\",\"potentialAction\":[{\"@type\":\"SearchAction\",\"target\":{\"@type\":\"EntryPoint\",\"urlTemplate\":\"https:\/\/www.ibis-haguenau.com\/?s={search_term_string}\"},\"query-input\":{\"@type\":\"PropertyValueSpecification\",\"valueRequired\":true,\"valueName\":\"search_term_string\"}}],\"inLanguage\":\"de-DE\"}]}<\/script>\n<!-- \/ Yoast SEO plugin. -->","yoast_head_json":{"title":"Standard Zimmer mit 1 Doppelbett und 2 Eizelbetten - Ibis Haguenau ***","description":"Entdecken Sie f\u00fcr einen Familienausflug unser ger\u00e4umiges Zimmer mit einem bequemen Doppelbett und zwei Eizelbetten f\u00fcr einen ruhigen Schlaf. Genissen Sie","robots":{"index":"index","follow":"follow","max-snippet":"max-snippet:-1","max-image-preview":"max-image-preview:large","max-video-preview":"max-video-preview:-1"},"canonical":"https:\/\/www.ibis-haguenau.com\/de\/unsere-zimmer\/standard-zimmer-1-doppelbett-2-eizelbetten\/","og_locale":"de_DE","og_type":"article","og_title":"Standard Zimmer mit 1 Doppelbett und 2 Eizelbetten - Ibis Haguenau ***","og_description":"Entdecken Sie f\u00fcr einen Familienausflug unser ger\u00e4umiges Zimmer mit einem bequemen Doppelbett und zwei Eizelbetten f\u00fcr einen ruhigen Schlaf. Genissen Sie","og_url":"https:\/\/www.ibis-haguenau.com\/de\/unsere-zimmer\/standard-zimmer-1-doppelbett-2-eizelbetten\/","og_site_name":"Ibis Haguenau ***","article_modified_time":"2024-03-18T10:15:44+00:00","twitter_card":"summary_large_image","twitter_misc":{"Gesch\u00e4tzte Lesezeit":"1 Minute"},"schema":{"@context":"https:\/\/schema.org","@graph":[{"@type":"WebPage","@id":"https:\/\/www.ibis-haguenau.com\/de\/unsere-zimmer\/standard-zimmer-1-doppelbett-2-eizelbetten\/","url":"https:\/\/www.ibis-haguenau.com\/de\/unsere-zimmer\/standard-zimmer-1-doppelbett-2-eizelbetten\/","name":"Standard Zimmer mit 1 Doppelbett und 2 Eizelbetten - Ibis Haguenau ***","isPartOf":{"@id":"https:\/\/www.ibis-haguenau.com\/#website"},"datePublished":"2023-10-24T18:26:55+00:00","dateModified":"2024-03-18T10:15:44+00:00","description":"Entdecken Sie f\u00fcr einen Familienausflug unser ger\u00e4umiges Zimmer mit einem bequemen Doppelbett und zwei Eizelbetten f\u00fcr einen ruhigen Schlaf. Genissen Sie","breadcrumb":{"@id":"https:\/\/www.ibis-haguenau.com\/de\/unsere-zimmer\/standard-zimmer-1-doppelbett-2-eizelbetten\/#breadcrumb"},"inLanguage":"de-DE","potentialAction":[{"@type":"ReadAction","target":["https:\/\/www.ibis-haguenau.com\/de\/unsere-zimmer\/standard-zimmer-1-doppelbett-2-eizelbetten\/"]}]},{"@type":"BreadcrumbList","@id":"https:\/\/www.ibis-haguenau.com\/de\/unsere-zimmer\/standard-zimmer-1-doppelbett-2-eizelbetten\/#breadcrumb","itemListElement":[{"@type":"ListItem","position":1,"name":"Home","item":"https:\/\/www.ibis-haguenau.com\/de\/"},{"@type":"ListItem","position":2,"name":"Zimmer","item":"https:\/\/www.ibis-haguenau.com\/de\/nos-chambres\/"},{"@type":"ListItem","position":3,"name":"Standard Zimmer mit 1 Doppelbett und 2 Eizelbetten"}]},{"@type":"WebSite","@id":"https:\/\/www.ibis-haguenau.com\/#website","url":"https:\/\/www.ibis-haguenau.com\/","name":"Ibis Haguenau ***","description":"","potentialAction":[{"@type":"SearchAction","target":{"@type":"EntryPoint","urlTemplate":"https:\/\/www.ibis-haguenau.com\/?s={search_term_string}"},"query-input":{"@type":"PropertyValueSpecification","valueRequired":true,"valueName":"search_term_string"}}],"inLanguage":"de-DE"}]}},"_links":{"self":[{"href":"https:\/\/www.ibis-haguenau.com\/de\/wp-json\/wp\/v2\/pages\/251","targetHints":{"allow":["GET"]}}],"collection":[{"href":"https:\/\/www.ibis-haguenau.com\/de\/wp-json\/wp\/v2\/pages"}],"about":[{"href":"https:\/\/www.ibis-haguenau.com\/de\/wp-json\/wp\/v2\/types\/page"}],"author":[{"embeddable":true,"href":"https:\/\/www.ibis-haguenau.com\/de\/wp-json\/wp\/v2\/users\/118"}],"replies":[{"embeddable":true,"href":"https:\/\/www.ibis-haguenau.com\/de\/wp-json\/wp\/v2\/comments?post=251"}],"version-history":[{"count":0,"href":"https:\/\/www.ibis-haguenau.com\/de\/wp-json\/wp\/v2\/pages\/251\/revisions"}],"up":[{"embeddable":true,"href":"https:\/\/www.ibis-haguenau.com\/de\/wp-json\/wp\/v2\/pages\/243"}],"wp:attachment":[{"href":"https:\/\/www.ibis-haguenau.com\/de\/wp-json\/wp\/v2\/media?parent=251"}],"wp:term":[{"taxonomy":"category","embeddable":true,"href":"https:\/\/www.ibis-haguenau.com\/de\/wp-json\/wp\/v2\/categories?post=251"}],"curies":[{"name":"wp","href":"https:\/\/api.w.org\/{rel}","templated":true}]}}