{"id":253,"date":"2023-10-24T18:26:18","date_gmt":"2023-10-24T18:26:18","guid":{"rendered":"https:\/\/ibis-haguenau.accorv2prod.decms.eu\/nos-chambres\/chambre-standard-2-lits-simples\/"},"modified":"2024-03-18T10:14:48","modified_gmt":"2024-03-18T10:14:48","slug":"standard-zimmer-2-einzelbetten","status":"publish","type":"page","link":"https:\/\/www.ibis-haguenau.com\/de\/unsere-zimmer\/standard-zimmer-2-einzelbetten\/","title":{"rendered":"Standard Zimmer <br \/>mit 2 Einzelbetten"},"content":{"rendered":"<p style=\"text-align: center;\">F\u00fcr eine Nacht voller Komfort, bietet dieses Zimmer zwei Einzelbetten. Wir haben daf\u00fcr gesorgt, dass Ihr Schlaf mit unserer erstklassigen Betten &#8220; Sweet Bed by Ibis&#8220; denkw\u00fcrdig wird.<\/p>\n","protected":false},"excerpt":{"rendered":"<p>F\u00fcr eine Nacht voller Komfort, bietet dieses Zimmer zwei Einzelbetten. Wir haben daf\u00fcr gesorgt, dass Ihr Schlaf mit unserer erstklassigen Betten &#8220; Sweet Bed by Ibis&#8220; denkw\u00fcrdig wird.<\/p>\n","protected":false},"author":118,"featured_media":0,"parent":243,"menu_order":20,"comment_status":"closed","ping_status":"closed","template":"template-room.php","meta":{"footnotes":""},"categories":[],"class_list":["post-253","page","type-page","status-publish","hentry"],"acf":[],"yoast_head":"<!-- This site is optimized with the Yoast SEO plugin v26.9 - https:\/\/yoast.com\/product\/yoast-seo-wordpress\/ -->\n<title>Standard Zimmer mit 2 Einzelbetten - Ibis Haguenau ***<\/title>\n<meta name=\"description\" content=\"F\u00fcr eine Nacht voller Komfort, bietet dieses Zimmer zwei Einzelbetten. Wir haben daf\u00fcr gesorgt, dass Ihr Schlaf mit unserer erstklassigen Betten &quot; Sweet\" \/>\n<meta name=\"robots\" content=\"index, follow, max-snippet:-1, max-image-preview:large, max-video-preview:-1\" \/>\n<link rel=\"canonical\" href=\"https:\/\/www.ibis-haguenau.com\/de\/unsere-zimmer\/standard-zimmer-2-einzelbetten\/\" \/>\n<meta property=\"og:locale\" content=\"de_DE\" \/>\n<meta property=\"og:type\" content=\"article\" \/>\n<meta property=\"og:title\" content=\"Standard Zimmer mit 2 Einzelbetten - Ibis Haguenau ***\" \/>\n<meta property=\"og:description\" content=\"F\u00fcr eine Nacht voller Komfort, bietet dieses Zimmer zwei Einzelbetten. Wir haben daf\u00fcr gesorgt, dass Ihr Schlaf mit unserer erstklassigen Betten &quot; Sweet\" \/>\n<meta property=\"og:url\" content=\"https:\/\/www.ibis-haguenau.com\/de\/unsere-zimmer\/standard-zimmer-2-einzelbetten\/\" \/>\n<meta property=\"og:site_name\" content=\"Ibis Haguenau ***\" \/>\n<meta property=\"article:modified_time\" content=\"2024-03-18T10:14:48+00:00\" \/>\n<meta name=\"twitter:card\" content=\"summary_large_image\" \/>\n<meta name=\"twitter:label1\" content=\"Gesch\u00e4tzte Lesezeit\" \/>\n\t<meta name=\"twitter:data1\" content=\"1 Minute\" \/>\n<script type=\"application\/ld+json\" class=\"yoast-schema-graph\">{\"@context\":\"https:\/\/schema.org\",\"@graph\":[{\"@type\":\"WebPage\",\"@id\":\"https:\/\/www.ibis-haguenau.com\/de\/unsere-zimmer\/standard-zimmer-2-einzelbetten\/\",\"url\":\"https:\/\/www.ibis-haguenau.com\/de\/unsere-zimmer\/standard-zimmer-2-einzelbetten\/\",\"name\":\"Standard Zimmer mit 2 Einzelbetten - Ibis Haguenau ***\",\"isPartOf\":{\"@id\":\"https:\/\/www.ibis-haguenau.com\/#website\"},\"datePublished\":\"2023-10-24T18:26:18+00:00\",\"dateModified\":\"2024-03-18T10:14:48+00:00\",\"description\":\"F\u00fcr eine Nacht voller Komfort, bietet dieses Zimmer zwei Einzelbetten. Wir haben daf\u00fcr gesorgt, dass Ihr Schlaf mit unserer erstklassigen Betten \\\" Sweet\",\"breadcrumb\":{\"@id\":\"https:\/\/www.ibis-haguenau.com\/de\/unsere-zimmer\/standard-zimmer-2-einzelbetten\/#breadcrumb\"},\"inLanguage\":\"de-DE\",\"potentialAction\":[{\"@type\":\"ReadAction\",\"target\":[\"https:\/\/www.ibis-haguenau.com\/de\/unsere-zimmer\/standard-zimmer-2-einzelbetten\/\"]}]},{\"@type\":\"BreadcrumbList\",\"@id\":\"https:\/\/www.ibis-haguenau.com\/de\/unsere-zimmer\/standard-zimmer-2-einzelbetten\/#breadcrumb\",\"itemListElement\":[{\"@type\":\"ListItem\",\"position\":1,\"name\":\"Home\",\"item\":\"https:\/\/www.ibis-haguenau.com\/de\/\"},{\"@type\":\"ListItem\",\"position\":2,\"name\":\"Zimmer\",\"item\":\"https:\/\/www.ibis-haguenau.com\/de\/nos-chambres\/\"},{\"@type\":\"ListItem\",\"position\":3,\"name\":\"Standard Zimmer mit 2 Einzelbetten\"}]},{\"@type\":\"WebSite\",\"@id\":\"https:\/\/www.ibis-haguenau.com\/#website\",\"url\":\"https:\/\/www.ibis-haguenau.com\/\",\"name\":\"Ibis Haguenau ***\",\"description\":\"\",\"potentialAction\":[{\"@type\":\"SearchAction\",\"target\":{\"@type\":\"EntryPoint\",\"urlTemplate\":\"https:\/\/www.ibis-haguenau.com\/?s={search_term_string}\"},\"query-input\":{\"@type\":\"PropertyValueSpecification\",\"valueRequired\":true,\"valueName\":\"search_term_string\"}}],\"inLanguage\":\"de-DE\"}]}<\/script>\n<!-- \/ Yoast SEO plugin. -->","yoast_head_json":{"title":"Standard Zimmer mit 2 Einzelbetten - Ibis Haguenau ***","description":"F\u00fcr eine Nacht voller Komfort, bietet dieses Zimmer zwei Einzelbetten. Wir haben daf\u00fcr gesorgt, dass Ihr Schlaf mit unserer erstklassigen Betten \" Sweet","robots":{"index":"index","follow":"follow","max-snippet":"max-snippet:-1","max-image-preview":"max-image-preview:large","max-video-preview":"max-video-preview:-1"},"canonical":"https:\/\/www.ibis-haguenau.com\/de\/unsere-zimmer\/standard-zimmer-2-einzelbetten\/","og_locale":"de_DE","og_type":"article","og_title":"Standard Zimmer mit 2 Einzelbetten - Ibis Haguenau ***","og_description":"F\u00fcr eine Nacht voller Komfort, bietet dieses Zimmer zwei Einzelbetten. Wir haben daf\u00fcr gesorgt, dass Ihr Schlaf mit unserer erstklassigen Betten \" Sweet","og_url":"https:\/\/www.ibis-haguenau.com\/de\/unsere-zimmer\/standard-zimmer-2-einzelbetten\/","og_site_name":"Ibis Haguenau ***","article_modified_time":"2024-03-18T10:14:48+00:00","twitter_card":"summary_large_image","twitter_misc":{"Gesch\u00e4tzte Lesezeit":"1 Minute"},"schema":{"@context":"https:\/\/schema.org","@graph":[{"@type":"WebPage","@id":"https:\/\/www.ibis-haguenau.com\/de\/unsere-zimmer\/standard-zimmer-2-einzelbetten\/","url":"https:\/\/www.ibis-haguenau.com\/de\/unsere-zimmer\/standard-zimmer-2-einzelbetten\/","name":"Standard Zimmer mit 2 Einzelbetten - Ibis Haguenau ***","isPartOf":{"@id":"https:\/\/www.ibis-haguenau.com\/#website"},"datePublished":"2023-10-24T18:26:18+00:00","dateModified":"2024-03-18T10:14:48+00:00","description":"F\u00fcr eine Nacht voller Komfort, bietet dieses Zimmer zwei Einzelbetten. Wir haben daf\u00fcr gesorgt, dass Ihr Schlaf mit unserer erstklassigen Betten \" Sweet","breadcrumb":{"@id":"https:\/\/www.ibis-haguenau.com\/de\/unsere-zimmer\/standard-zimmer-2-einzelbetten\/#breadcrumb"},"inLanguage":"de-DE","potentialAction":[{"@type":"ReadAction","target":["https:\/\/www.ibis-haguenau.com\/de\/unsere-zimmer\/standard-zimmer-2-einzelbetten\/"]}]},{"@type":"BreadcrumbList","@id":"https:\/\/www.ibis-haguenau.com\/de\/unsere-zimmer\/standard-zimmer-2-einzelbetten\/#breadcrumb","itemListElement":[{"@type":"ListItem","position":1,"name":"Home","item":"https:\/\/www.ibis-haguenau.com\/de\/"},{"@type":"ListItem","position":2,"name":"Zimmer","item":"https:\/\/www.ibis-haguenau.com\/de\/nos-chambres\/"},{"@type":"ListItem","position":3,"name":"Standard Zimmer mit 2 Einzelbetten"}]},{"@type":"WebSite","@id":"https:\/\/www.ibis-haguenau.com\/#website","url":"https:\/\/www.ibis-haguenau.com\/","name":"Ibis Haguenau ***","description":"","potentialAction":[{"@type":"SearchAction","target":{"@type":"EntryPoint","urlTemplate":"https:\/\/www.ibis-haguenau.com\/?s={search_term_string}"},"query-input":{"@type":"PropertyValueSpecification","valueRequired":true,"valueName":"search_term_string"}}],"inLanguage":"de-DE"}]}},"_links":{"self":[{"href":"https:\/\/www.ibis-haguenau.com\/de\/wp-json\/wp\/v2\/pages\/253","targetHints":{"allow":["GET"]}}],"collection":[{"href":"https:\/\/www.ibis-haguenau.com\/de\/wp-json\/wp\/v2\/pages"}],"about":[{"href":"https:\/\/www.ibis-haguenau.com\/de\/wp-json\/wp\/v2\/types\/page"}],"author":[{"embeddable":true,"href":"https:\/\/www.ibis-haguenau.com\/de\/wp-json\/wp\/v2\/users\/118"}],"replies":[{"embeddable":true,"href":"https:\/\/www.ibis-haguenau.com\/de\/wp-json\/wp\/v2\/comments?post=253"}],"version-history":[{"count":0,"href":"https:\/\/www.ibis-haguenau.com\/de\/wp-json\/wp\/v2\/pages\/253\/revisions"}],"up":[{"embeddable":true,"href":"https:\/\/www.ibis-haguenau.com\/de\/wp-json\/wp\/v2\/pages\/243"}],"wp:attachment":[{"href":"https:\/\/www.ibis-haguenau.com\/de\/wp-json\/wp\/v2\/media?parent=253"}],"wp:term":[{"taxonomy":"category","embeddable":true,"href":"https:\/\/www.ibis-haguenau.com\/de\/wp-json\/wp\/v2\/categories?post=253"}],"curies":[{"name":"wp","href":"https:\/\/api.w.org\/{rel}","templated":true}]}}