{"id":257,"date":"2023-10-25T12:37:15","date_gmt":"2023-10-25T12:37:15","guid":{"rendered":"https:\/\/ibis-haguenau.accorv2prod.decms.eu\/restauration-bar\/bar\/"},"modified":"2024-02-15T11:14:00","modified_gmt":"2024-02-15T11:14:00","slug":"bar","status":"publish","type":"page","link":"https:\/\/www.ibis-haguenau.com\/de\/restauration-bar\/bar\/","title":{"rendered":"Bar"},"content":{"rendered":"<p>Entdecken Sie die Freuden unserer Bar, indem Sie bequem an die Bar, auf unserer sonnenverw\u00f6hnten Terrasse oder vor unserem riesigen Bildschirm sitzen.<\/p>\n<p>Hier geniessem Sie das ultimative Vergn\u00fcgen mit einem exquisiten Weins, einem  eiskalten Bier, einem warmen Getr\u00e4nk. Tauchen Sie ein in eine freundliche Atmosph\u00e4re, in der jeder Augenblick f\u00fcr puren Genuss und Entspannung steht.<\/p>\n","protected":false},"excerpt":{"rendered":"<p>Entdecken Sie die Freuden unserer Bar, indem Sie bequem an die Bar, auf unserer sonnenverw\u00f6hnten Terrasse oder vor unserem riesigen Bildschirm sitzen. Hier geniessem Sie das ultimative Vergn\u00fcgen mit einem exquisiten Weins, einem eiskalten Bier, einem warmen Getr\u00e4nk. Tauchen Sie ein in eine freundliche Atmosph\u00e4re, in der jeder Augenblick f\u00fcr puren Genuss und Entspannung steht.<\/p>\n","protected":false},"author":118,"featured_media":0,"parent":255,"menu_order":20,"comment_status":"closed","ping_status":"closed","template":"template-restaurant.php","meta":{"footnotes":""},"categories":[],"class_list":["post-257","page","type-page","status-publish","hentry"],"acf":[],"yoast_head":"<!-- This site is optimized with the Yoast SEO plugin v26.9 - https:\/\/yoast.com\/product\/yoast-seo-wordpress\/ -->\n<title>Bar - Ibis Haguenau ***<\/title>\n<meta name=\"description\" content=\"Entdecken Sie die Freuden unserer Bar, indem Sie bequem an die Bar, auf unserer sonnenverw\u00f6hnten Terrasse oder vor unserem riesigen Bildschirm sitzen.\" \/>\n<meta name=\"robots\" content=\"index, follow, max-snippet:-1, max-image-preview:large, max-video-preview:-1\" \/>\n<link rel=\"canonical\" href=\"https:\/\/www.ibis-haguenau.com\/de\/restauration-bar\/bar\/\" \/>\n<meta property=\"og:locale\" content=\"de_DE\" \/>\n<meta property=\"og:type\" content=\"article\" \/>\n<meta property=\"og:title\" content=\"Bar - Ibis Haguenau ***\" \/>\n<meta property=\"og:description\" content=\"Entdecken Sie die Freuden unserer Bar, indem Sie bequem an die Bar, auf unserer sonnenverw\u00f6hnten Terrasse oder vor unserem riesigen Bildschirm sitzen.\" \/>\n<meta property=\"og:url\" content=\"https:\/\/www.ibis-haguenau.com\/de\/restauration-bar\/bar\/\" \/>\n<meta property=\"og:site_name\" content=\"Ibis Haguenau ***\" \/>\n<meta property=\"article:modified_time\" content=\"2024-02-15T11:14:00+00:00\" \/>\n<meta name=\"twitter:card\" content=\"summary_large_image\" \/>\n<meta name=\"twitter:label1\" content=\"Gesch\u00e4tzte Lesezeit\" \/>\n\t<meta name=\"twitter:data1\" content=\"1 Minute\" \/>\n<script type=\"application\/ld+json\" class=\"yoast-schema-graph\">{\"@context\":\"https:\/\/schema.org\",\"@graph\":[{\"@type\":\"WebPage\",\"@id\":\"https:\/\/www.ibis-haguenau.com\/de\/restauration-bar\/bar\/\",\"url\":\"https:\/\/www.ibis-haguenau.com\/de\/restauration-bar\/bar\/\",\"name\":\"Bar - Ibis Haguenau ***\",\"isPartOf\":{\"@id\":\"https:\/\/www.ibis-haguenau.com\/#website\"},\"datePublished\":\"2023-10-25T12:37:15+00:00\",\"dateModified\":\"2024-02-15T11:14:00+00:00\",\"description\":\"Entdecken Sie die Freuden unserer Bar, indem Sie bequem an die Bar, auf unserer sonnenverw\u00f6hnten Terrasse oder vor unserem riesigen Bildschirm sitzen.\",\"breadcrumb\":{\"@id\":\"https:\/\/www.ibis-haguenau.com\/de\/restauration-bar\/bar\/#breadcrumb\"},\"inLanguage\":\"de-DE\",\"potentialAction\":[{\"@type\":\"ReadAction\",\"target\":[\"https:\/\/www.ibis-haguenau.com\/de\/restauration-bar\/bar\/\"]}]},{\"@type\":\"BreadcrumbList\",\"@id\":\"https:\/\/www.ibis-haguenau.com\/de\/restauration-bar\/bar\/#breadcrumb\",\"itemListElement\":[{\"@type\":\"ListItem\",\"position\":1,\"name\":\"Home\",\"item\":\"https:\/\/www.ibis-haguenau.com\/de\/\"},{\"@type\":\"ListItem\",\"position\":2,\"name\":\"Snacking &#038; Bar\",\"item\":\"https:\/\/www.ibis-haguenau.com\/de\/restauration-bar\/\"},{\"@type\":\"ListItem\",\"position\":3,\"name\":\"Bar\"}]},{\"@type\":\"WebSite\",\"@id\":\"https:\/\/www.ibis-haguenau.com\/#website\",\"url\":\"https:\/\/www.ibis-haguenau.com\/\",\"name\":\"Ibis Haguenau ***\",\"description\":\"\",\"potentialAction\":[{\"@type\":\"SearchAction\",\"target\":{\"@type\":\"EntryPoint\",\"urlTemplate\":\"https:\/\/www.ibis-haguenau.com\/?s={search_term_string}\"},\"query-input\":{\"@type\":\"PropertyValueSpecification\",\"valueRequired\":true,\"valueName\":\"search_term_string\"}}],\"inLanguage\":\"de-DE\"}]}<\/script>\n<!-- \/ Yoast SEO plugin. -->","yoast_head_json":{"title":"Bar - Ibis Haguenau ***","description":"Entdecken Sie die Freuden unserer Bar, indem Sie bequem an die Bar, auf unserer sonnenverw\u00f6hnten Terrasse oder vor unserem riesigen Bildschirm sitzen.","robots":{"index":"index","follow":"follow","max-snippet":"max-snippet:-1","max-image-preview":"max-image-preview:large","max-video-preview":"max-video-preview:-1"},"canonical":"https:\/\/www.ibis-haguenau.com\/de\/restauration-bar\/bar\/","og_locale":"de_DE","og_type":"article","og_title":"Bar - Ibis Haguenau ***","og_description":"Entdecken Sie die Freuden unserer Bar, indem Sie bequem an die Bar, auf unserer sonnenverw\u00f6hnten Terrasse oder vor unserem riesigen Bildschirm sitzen.","og_url":"https:\/\/www.ibis-haguenau.com\/de\/restauration-bar\/bar\/","og_site_name":"Ibis Haguenau ***","article_modified_time":"2024-02-15T11:14:00+00:00","twitter_card":"summary_large_image","twitter_misc":{"Gesch\u00e4tzte Lesezeit":"1 Minute"},"schema":{"@context":"https:\/\/schema.org","@graph":[{"@type":"WebPage","@id":"https:\/\/www.ibis-haguenau.com\/de\/restauration-bar\/bar\/","url":"https:\/\/www.ibis-haguenau.com\/de\/restauration-bar\/bar\/","name":"Bar - Ibis Haguenau ***","isPartOf":{"@id":"https:\/\/www.ibis-haguenau.com\/#website"},"datePublished":"2023-10-25T12:37:15+00:00","dateModified":"2024-02-15T11:14:00+00:00","description":"Entdecken Sie die Freuden unserer Bar, indem Sie bequem an die Bar, auf unserer sonnenverw\u00f6hnten Terrasse oder vor unserem riesigen Bildschirm sitzen.","breadcrumb":{"@id":"https:\/\/www.ibis-haguenau.com\/de\/restauration-bar\/bar\/#breadcrumb"},"inLanguage":"de-DE","potentialAction":[{"@type":"ReadAction","target":["https:\/\/www.ibis-haguenau.com\/de\/restauration-bar\/bar\/"]}]},{"@type":"BreadcrumbList","@id":"https:\/\/www.ibis-haguenau.com\/de\/restauration-bar\/bar\/#breadcrumb","itemListElement":[{"@type":"ListItem","position":1,"name":"Home","item":"https:\/\/www.ibis-haguenau.com\/de\/"},{"@type":"ListItem","position":2,"name":"Snacking &#038; Bar","item":"https:\/\/www.ibis-haguenau.com\/de\/restauration-bar\/"},{"@type":"ListItem","position":3,"name":"Bar"}]},{"@type":"WebSite","@id":"https:\/\/www.ibis-haguenau.com\/#website","url":"https:\/\/www.ibis-haguenau.com\/","name":"Ibis Haguenau ***","description":"","potentialAction":[{"@type":"SearchAction","target":{"@type":"EntryPoint","urlTemplate":"https:\/\/www.ibis-haguenau.com\/?s={search_term_string}"},"query-input":{"@type":"PropertyValueSpecification","valueRequired":true,"valueName":"search_term_string"}}],"inLanguage":"de-DE"}]}},"_links":{"self":[{"href":"https:\/\/www.ibis-haguenau.com\/de\/wp-json\/wp\/v2\/pages\/257","targetHints":{"allow":["GET"]}}],"collection":[{"href":"https:\/\/www.ibis-haguenau.com\/de\/wp-json\/wp\/v2\/pages"}],"about":[{"href":"https:\/\/www.ibis-haguenau.com\/de\/wp-json\/wp\/v2\/types\/page"}],"author":[{"embeddable":true,"href":"https:\/\/www.ibis-haguenau.com\/de\/wp-json\/wp\/v2\/users\/118"}],"replies":[{"embeddable":true,"href":"https:\/\/www.ibis-haguenau.com\/de\/wp-json\/wp\/v2\/comments?post=257"}],"version-history":[{"count":0,"href":"https:\/\/www.ibis-haguenau.com\/de\/wp-json\/wp\/v2\/pages\/257\/revisions"}],"up":[{"embeddable":true,"href":"https:\/\/www.ibis-haguenau.com\/de\/wp-json\/wp\/v2\/pages\/255"}],"wp:attachment":[{"href":"https:\/\/www.ibis-haguenau.com\/de\/wp-json\/wp\/v2\/media?parent=257"}],"wp:term":[{"taxonomy":"category","embeddable":true,"href":"https:\/\/www.ibis-haguenau.com\/de\/wp-json\/wp\/v2\/categories?post=257"}],"curies":[{"name":"wp","href":"https:\/\/api.w.org\/{rel}","templated":true}]}}