{"id":259,"date":"2023-10-25T12:52:22","date_gmt":"2023-10-25T12:52:22","guid":{"rendered":"https:\/\/ibis-haguenau.accorv2prod.decms.eu\/restauration-bar\/petit-dejeuner\/"},"modified":"2024-02-15T13:40:13","modified_gmt":"2024-02-15T13:40:13","slug":"fruehstueck","status":"publish","type":"page","link":"https:\/\/www.ibis-haguenau.com\/de\/restauration-bar\/fruehstueck\/","title":{"rendered":"Fr\u00fchst\u00fcck"},"content":{"rendered":"<p>Beginnen Sie Ihren Tag so gut wie m\u00f6glich mit unserem aussergew\u00f6hnlichen Fr\u00fchst\u00fcck von 6:30 bis 10:00 Uhr. Unser Fr\u00fchst\u00fccksbuffet ist eine wahre Symphonie der Aromen, mit Optionen, um jeden Gaumen zu befriedigen. Hier finden Sie eine Auswahl an frischem Brot, leckerem Geb\u00e4ck und nahrhaftem Getreide, um Ihren Tag gut zu beginnen. Begleiten Sie sie mit Marmelade oder Honig f\u00fcr einen Hauch von S\u00fcsse. Warme Getr\u00e4nke und Fruchts\u00e4fte werden zu Ihrem Fr\u00fchst\u00fcck angeboten.<\/p>\n<p>F\u00fcr die Fr\u00fchaustecher oder die sp\u00e4taufsteher haben wir eine Formel mit einen warmen Getr\u00e4nk, ein Fruchsaft und Geb\u00e4ck.<\/p>\n","protected":false},"excerpt":{"rendered":"<p>Beginnen Sie Ihren Tag so gut wie m\u00f6glich mit unserem aussergew\u00f6hnlichen Fr\u00fchst\u00fcck von 6:30 bis 10:00 Uhr. Unser Fr\u00fchst\u00fccksbuffet ist eine wahre Symphonie der Aromen, mit Optionen, um jeden Gaumen zu befriedigen. Hier finden Sie eine Auswahl an frischem Brot, leckerem Geb\u00e4ck und nahrhaftem Getreide, um Ihren Tag gut zu beginnen. Begleiten Sie sie mit [&hellip;]<\/p>\n","protected":false},"author":118,"featured_media":0,"parent":255,"menu_order":30,"comment_status":"closed","ping_status":"closed","template":"template-restaurant.php","meta":{"footnotes":""},"categories":[],"class_list":["post-259","page","type-page","status-publish","hentry"],"acf":[],"yoast_head":"<!-- This site is optimized with the Yoast SEO plugin v26.9 - https:\/\/yoast.com\/product\/yoast-seo-wordpress\/ -->\n<title>Fr\u00fchst\u00fcck - Ibis Haguenau ***<\/title>\n<meta name=\"description\" content=\"Beginnen Sie Ihren Tag so gut wie m\u00f6glich mit unserem aussergew\u00f6hnlichen Fr\u00fchst\u00fcck von 6:30 bis 10:00 Uhr. Unser Fr\u00fchst\u00fccksbuffet ist eine wahre Symphonie\" \/>\n<meta name=\"robots\" content=\"index, follow, max-snippet:-1, max-image-preview:large, max-video-preview:-1\" \/>\n<link rel=\"canonical\" href=\"https:\/\/www.ibis-haguenau.com\/de\/restauration-bar\/fruehstueck\/\" \/>\n<meta property=\"og:locale\" content=\"de_DE\" \/>\n<meta property=\"og:type\" content=\"article\" \/>\n<meta property=\"og:title\" content=\"Fr\u00fchst\u00fcck - Ibis Haguenau ***\" \/>\n<meta property=\"og:description\" content=\"Beginnen Sie Ihren Tag so gut wie m\u00f6glich mit unserem aussergew\u00f6hnlichen Fr\u00fchst\u00fcck von 6:30 bis 10:00 Uhr. Unser Fr\u00fchst\u00fccksbuffet ist eine wahre Symphonie\" \/>\n<meta property=\"og:url\" content=\"https:\/\/www.ibis-haguenau.com\/de\/restauration-bar\/fruehstueck\/\" \/>\n<meta property=\"og:site_name\" content=\"Ibis Haguenau ***\" \/>\n<meta property=\"article:modified_time\" content=\"2024-02-15T13:40:13+00:00\" \/>\n<meta name=\"twitter:card\" content=\"summary_large_image\" \/>\n<meta name=\"twitter:label1\" content=\"Gesch\u00e4tzte Lesezeit\" \/>\n\t<meta name=\"twitter:data1\" content=\"1 Minute\" \/>\n<script type=\"application\/ld+json\" class=\"yoast-schema-graph\">{\"@context\":\"https:\/\/schema.org\",\"@graph\":[{\"@type\":\"WebPage\",\"@id\":\"https:\/\/www.ibis-haguenau.com\/de\/restauration-bar\/fruehstueck\/\",\"url\":\"https:\/\/www.ibis-haguenau.com\/de\/restauration-bar\/fruehstueck\/\",\"name\":\"Fr\u00fchst\u00fcck - Ibis Haguenau ***\",\"isPartOf\":{\"@id\":\"https:\/\/www.ibis-haguenau.com\/#website\"},\"datePublished\":\"2023-10-25T12:52:22+00:00\",\"dateModified\":\"2024-02-15T13:40:13+00:00\",\"description\":\"Beginnen Sie Ihren Tag so gut wie m\u00f6glich mit unserem aussergew\u00f6hnlichen Fr\u00fchst\u00fcck von 6:30 bis 10:00 Uhr. Unser Fr\u00fchst\u00fccksbuffet ist eine wahre Symphonie\",\"breadcrumb\":{\"@id\":\"https:\/\/www.ibis-haguenau.com\/de\/restauration-bar\/fruehstueck\/#breadcrumb\"},\"inLanguage\":\"de-DE\",\"potentialAction\":[{\"@type\":\"ReadAction\",\"target\":[\"https:\/\/www.ibis-haguenau.com\/de\/restauration-bar\/fruehstueck\/\"]}]},{\"@type\":\"BreadcrumbList\",\"@id\":\"https:\/\/www.ibis-haguenau.com\/de\/restauration-bar\/fruehstueck\/#breadcrumb\",\"itemListElement\":[{\"@type\":\"ListItem\",\"position\":1,\"name\":\"Home\",\"item\":\"https:\/\/www.ibis-haguenau.com\/de\/\"},{\"@type\":\"ListItem\",\"position\":2,\"name\":\"Snacking &#038; Bar\",\"item\":\"https:\/\/www.ibis-haguenau.com\/de\/restauration-bar\/\"},{\"@type\":\"ListItem\",\"position\":3,\"name\":\"Fr\u00fchst\u00fcck\"}]},{\"@type\":\"WebSite\",\"@id\":\"https:\/\/www.ibis-haguenau.com\/#website\",\"url\":\"https:\/\/www.ibis-haguenau.com\/\",\"name\":\"Ibis Haguenau ***\",\"description\":\"\",\"potentialAction\":[{\"@type\":\"SearchAction\",\"target\":{\"@type\":\"EntryPoint\",\"urlTemplate\":\"https:\/\/www.ibis-haguenau.com\/?s={search_term_string}\"},\"query-input\":{\"@type\":\"PropertyValueSpecification\",\"valueRequired\":true,\"valueName\":\"search_term_string\"}}],\"inLanguage\":\"de-DE\"}]}<\/script>\n<!-- \/ Yoast SEO plugin. -->","yoast_head_json":{"title":"Fr\u00fchst\u00fcck - Ibis Haguenau ***","description":"Beginnen Sie Ihren Tag so gut wie m\u00f6glich mit unserem aussergew\u00f6hnlichen Fr\u00fchst\u00fcck von 6:30 bis 10:00 Uhr. Unser Fr\u00fchst\u00fccksbuffet ist eine wahre Symphonie","robots":{"index":"index","follow":"follow","max-snippet":"max-snippet:-1","max-image-preview":"max-image-preview:large","max-video-preview":"max-video-preview:-1"},"canonical":"https:\/\/www.ibis-haguenau.com\/de\/restauration-bar\/fruehstueck\/","og_locale":"de_DE","og_type":"article","og_title":"Fr\u00fchst\u00fcck - Ibis Haguenau ***","og_description":"Beginnen Sie Ihren Tag so gut wie m\u00f6glich mit unserem aussergew\u00f6hnlichen Fr\u00fchst\u00fcck von 6:30 bis 10:00 Uhr. Unser Fr\u00fchst\u00fccksbuffet ist eine wahre Symphonie","og_url":"https:\/\/www.ibis-haguenau.com\/de\/restauration-bar\/fruehstueck\/","og_site_name":"Ibis Haguenau ***","article_modified_time":"2024-02-15T13:40:13+00:00","twitter_card":"summary_large_image","twitter_misc":{"Gesch\u00e4tzte Lesezeit":"1 Minute"},"schema":{"@context":"https:\/\/schema.org","@graph":[{"@type":"WebPage","@id":"https:\/\/www.ibis-haguenau.com\/de\/restauration-bar\/fruehstueck\/","url":"https:\/\/www.ibis-haguenau.com\/de\/restauration-bar\/fruehstueck\/","name":"Fr\u00fchst\u00fcck - Ibis Haguenau ***","isPartOf":{"@id":"https:\/\/www.ibis-haguenau.com\/#website"},"datePublished":"2023-10-25T12:52:22+00:00","dateModified":"2024-02-15T13:40:13+00:00","description":"Beginnen Sie Ihren Tag so gut wie m\u00f6glich mit unserem aussergew\u00f6hnlichen Fr\u00fchst\u00fcck von 6:30 bis 10:00 Uhr. Unser Fr\u00fchst\u00fccksbuffet ist eine wahre Symphonie","breadcrumb":{"@id":"https:\/\/www.ibis-haguenau.com\/de\/restauration-bar\/fruehstueck\/#breadcrumb"},"inLanguage":"de-DE","potentialAction":[{"@type":"ReadAction","target":["https:\/\/www.ibis-haguenau.com\/de\/restauration-bar\/fruehstueck\/"]}]},{"@type":"BreadcrumbList","@id":"https:\/\/www.ibis-haguenau.com\/de\/restauration-bar\/fruehstueck\/#breadcrumb","itemListElement":[{"@type":"ListItem","position":1,"name":"Home","item":"https:\/\/www.ibis-haguenau.com\/de\/"},{"@type":"ListItem","position":2,"name":"Snacking &#038; Bar","item":"https:\/\/www.ibis-haguenau.com\/de\/restauration-bar\/"},{"@type":"ListItem","position":3,"name":"Fr\u00fchst\u00fcck"}]},{"@type":"WebSite","@id":"https:\/\/www.ibis-haguenau.com\/#website","url":"https:\/\/www.ibis-haguenau.com\/","name":"Ibis Haguenau ***","description":"","potentialAction":[{"@type":"SearchAction","target":{"@type":"EntryPoint","urlTemplate":"https:\/\/www.ibis-haguenau.com\/?s={search_term_string}"},"query-input":{"@type":"PropertyValueSpecification","valueRequired":true,"valueName":"search_term_string"}}],"inLanguage":"de-DE"}]}},"_links":{"self":[{"href":"https:\/\/www.ibis-haguenau.com\/de\/wp-json\/wp\/v2\/pages\/259","targetHints":{"allow":["GET"]}}],"collection":[{"href":"https:\/\/www.ibis-haguenau.com\/de\/wp-json\/wp\/v2\/pages"}],"about":[{"href":"https:\/\/www.ibis-haguenau.com\/de\/wp-json\/wp\/v2\/types\/page"}],"author":[{"embeddable":true,"href":"https:\/\/www.ibis-haguenau.com\/de\/wp-json\/wp\/v2\/users\/118"}],"replies":[{"embeddable":true,"href":"https:\/\/www.ibis-haguenau.com\/de\/wp-json\/wp\/v2\/comments?post=259"}],"version-history":[{"count":0,"href":"https:\/\/www.ibis-haguenau.com\/de\/wp-json\/wp\/v2\/pages\/259\/revisions"}],"up":[{"embeddable":true,"href":"https:\/\/www.ibis-haguenau.com\/de\/wp-json\/wp\/v2\/pages\/255"}],"wp:attachment":[{"href":"https:\/\/www.ibis-haguenau.com\/de\/wp-json\/wp\/v2\/media?parent=259"}],"wp:term":[{"taxonomy":"category","embeddable":true,"href":"https:\/\/www.ibis-haguenau.com\/de\/wp-json\/wp\/v2\/categories?post=259"}],"curies":[{"name":"wp","href":"https:\/\/api.w.org\/{rel}","templated":true}]}}