{"id":267,"date":"2023-10-24T20:54:32","date_gmt":"2023-10-24T20:54:32","guid":{"rendered":"https:\/\/ibis-haguenau.accorv2prod.decms.eu\/situation\/"},"modified":"2024-02-15T11:30:10","modified_gmt":"2024-02-15T11:30:10","slug":"standort","status":"publish","type":"page","link":"https:\/\/www.ibis-haguenau.com\/de\/standort\/","title":{"rendered":"Standort"},"content":{"rendered":"<p style=\"text-align: center;\">Nur 2km vom lebhaften Herz von Haguenau entfernd, in der N\u00e4he vom aussergew\u00f6hnlichen Waldes, ist unsere Lage das Tor zu einer Vielzahl von spannenden Erlebnissen. Von der Pracht der Music Hall Royal Palace in Kirrwiller \u00fcber den Charme des preisgekr\u00f6nten Dorfes, Hunspach bis zu den K\u00f6stlichkeiten von Baden-Baden, Wissembourg und den mittelalterlichen Festungen sind Sie an der Kreuzung des Abenteuers.<\/p>\n<p style=\"text-align: center;\">Haguenau, ein wahres Tor zum Nord Elsass befindet sich in der n\u00e4he des Markenzentrums von Roppenheim und der shopping Promenade von Vendenheim und ist ein idealer zentraler Punkt, um die Region in alle Richtungen zu erkunden: Strasburg, Sarreguemines, Deutschland mit St\u00e4dten wie Baden Baden, Karlsruhe und Stuttgart.<\/p>\n<p style=\"text-align: center;\">Sie erreichen Strasburg in nur 20 Minuten \u00fcber die A4, w\u00e4hrend der Bahnhof von Haguenau nur 5 Minuten vom Hotel entfernt ist. Ein Gewerbegebiet ist auch in Reichweite f\u00fcr Ihre praktischen Bed\u00fcrfnisse, und Naturliebhaber ist der Zugang zum Wald nur 500 Meter von unserem Haus entfernt.<\/p>\n","protected":false},"excerpt":{"rendered":"<p>Nur 2km vom lebhaften Herz von Haguenau entfernd, in der N\u00e4he vom aussergew\u00f6hnlichen Waldes, ist unsere Lage das Tor zu einer Vielzahl von spannenden Erlebnissen. Von der Pracht der Music Hall Royal Palace in Kirrwiller \u00fcber den Charme des preisgekr\u00f6nten Dorfes, Hunspach bis zu den K\u00f6stlichkeiten von Baden-Baden, Wissembourg und den mittelalterlichen Festungen sind Sie [&hellip;]<\/p>\n","protected":false},"author":118,"featured_media":0,"parent":0,"menu_order":0,"comment_status":"closed","ping_status":"closed","template":"template-location.php","meta":{"footnotes":""},"categories":[],"class_list":["post-267","page","type-page","status-publish","hentry"],"acf":[],"yoast_head":"<!-- This site is optimized with the Yoast SEO plugin v26.9 - https:\/\/yoast.com\/product\/yoast-seo-wordpress\/ -->\n<title>Standort - Ibis Haguenau ***<\/title>\n<meta name=\"description\" content=\"Nur 2km vom lebhaften Herz von Haguenau entfernd, in der N\u00e4he vom aussergew\u00f6hnlichen Waldes, ist unsere Lage das Tor zu einer Vielzahl von spannenden\" \/>\n<meta name=\"robots\" content=\"index, follow, max-snippet:-1, max-image-preview:large, max-video-preview:-1\" \/>\n<link rel=\"canonical\" href=\"https:\/\/www.ibis-haguenau.com\/de\/standort\/\" \/>\n<meta property=\"og:locale\" content=\"de_DE\" \/>\n<meta property=\"og:type\" content=\"article\" \/>\n<meta property=\"og:title\" content=\"Standort - Ibis Haguenau ***\" \/>\n<meta property=\"og:description\" content=\"Nur 2km vom lebhaften Herz von Haguenau entfernd, in der N\u00e4he vom aussergew\u00f6hnlichen Waldes, ist unsere Lage das Tor zu einer Vielzahl von spannenden\" \/>\n<meta property=\"og:url\" content=\"https:\/\/www.ibis-haguenau.com\/de\/standort\/\" \/>\n<meta property=\"og:site_name\" content=\"Ibis Haguenau ***\" \/>\n<meta property=\"article:modified_time\" content=\"2024-02-15T11:30:10+00:00\" \/>\n<meta name=\"twitter:card\" content=\"summary_large_image\" \/>\n<meta name=\"twitter:label1\" content=\"Gesch\u00e4tzte Lesezeit\" \/>\n\t<meta name=\"twitter:data1\" content=\"1 Minute\" \/>\n<script type=\"application\/ld+json\" class=\"yoast-schema-graph\">{\"@context\":\"https:\/\/schema.org\",\"@graph\":[{\"@type\":\"WebPage\",\"@id\":\"https:\/\/www.ibis-haguenau.com\/de\/standort\/\",\"url\":\"https:\/\/www.ibis-haguenau.com\/de\/standort\/\",\"name\":\"Standort - Ibis Haguenau ***\",\"isPartOf\":{\"@id\":\"https:\/\/www.ibis-haguenau.com\/#website\"},\"datePublished\":\"2023-10-24T20:54:32+00:00\",\"dateModified\":\"2024-02-15T11:30:10+00:00\",\"description\":\"Nur 2km vom lebhaften Herz von Haguenau entfernd, in der N\u00e4he vom aussergew\u00f6hnlichen Waldes, ist unsere Lage das Tor zu einer Vielzahl von spannenden\",\"breadcrumb\":{\"@id\":\"https:\/\/www.ibis-haguenau.com\/de\/standort\/#breadcrumb\"},\"inLanguage\":\"de-DE\",\"potentialAction\":[{\"@type\":\"ReadAction\",\"target\":[\"https:\/\/www.ibis-haguenau.com\/de\/standort\/\"]}]},{\"@type\":\"BreadcrumbList\",\"@id\":\"https:\/\/www.ibis-haguenau.com\/de\/standort\/#breadcrumb\",\"itemListElement\":[{\"@type\":\"ListItem\",\"position\":1,\"name\":\"Home\",\"item\":\"https:\/\/www.ibis-haguenau.com\/de\/\"},{\"@type\":\"ListItem\",\"position\":2,\"name\":\"Standort\"}]},{\"@type\":\"WebSite\",\"@id\":\"https:\/\/www.ibis-haguenau.com\/#website\",\"url\":\"https:\/\/www.ibis-haguenau.com\/\",\"name\":\"Ibis Haguenau ***\",\"description\":\"\",\"potentialAction\":[{\"@type\":\"SearchAction\",\"target\":{\"@type\":\"EntryPoint\",\"urlTemplate\":\"https:\/\/www.ibis-haguenau.com\/?s={search_term_string}\"},\"query-input\":{\"@type\":\"PropertyValueSpecification\",\"valueRequired\":true,\"valueName\":\"search_term_string\"}}],\"inLanguage\":\"de-DE\"}]}<\/script>\n<!-- \/ Yoast SEO plugin. -->","yoast_head_json":{"title":"Standort - Ibis Haguenau ***","description":"Nur 2km vom lebhaften Herz von Haguenau entfernd, in der N\u00e4he vom aussergew\u00f6hnlichen Waldes, ist unsere Lage das Tor zu einer Vielzahl von spannenden","robots":{"index":"index","follow":"follow","max-snippet":"max-snippet:-1","max-image-preview":"max-image-preview:large","max-video-preview":"max-video-preview:-1"},"canonical":"https:\/\/www.ibis-haguenau.com\/de\/standort\/","og_locale":"de_DE","og_type":"article","og_title":"Standort - Ibis Haguenau ***","og_description":"Nur 2km vom lebhaften Herz von Haguenau entfernd, in der N\u00e4he vom aussergew\u00f6hnlichen Waldes, ist unsere Lage das Tor zu einer Vielzahl von spannenden","og_url":"https:\/\/www.ibis-haguenau.com\/de\/standort\/","og_site_name":"Ibis Haguenau ***","article_modified_time":"2024-02-15T11:30:10+00:00","twitter_card":"summary_large_image","twitter_misc":{"Gesch\u00e4tzte Lesezeit":"1 Minute"},"schema":{"@context":"https:\/\/schema.org","@graph":[{"@type":"WebPage","@id":"https:\/\/www.ibis-haguenau.com\/de\/standort\/","url":"https:\/\/www.ibis-haguenau.com\/de\/standort\/","name":"Standort - Ibis Haguenau ***","isPartOf":{"@id":"https:\/\/www.ibis-haguenau.com\/#website"},"datePublished":"2023-10-24T20:54:32+00:00","dateModified":"2024-02-15T11:30:10+00:00","description":"Nur 2km vom lebhaften Herz von Haguenau entfernd, in der N\u00e4he vom aussergew\u00f6hnlichen Waldes, ist unsere Lage das Tor zu einer Vielzahl von spannenden","breadcrumb":{"@id":"https:\/\/www.ibis-haguenau.com\/de\/standort\/#breadcrumb"},"inLanguage":"de-DE","potentialAction":[{"@type":"ReadAction","target":["https:\/\/www.ibis-haguenau.com\/de\/standort\/"]}]},{"@type":"BreadcrumbList","@id":"https:\/\/www.ibis-haguenau.com\/de\/standort\/#breadcrumb","itemListElement":[{"@type":"ListItem","position":1,"name":"Home","item":"https:\/\/www.ibis-haguenau.com\/de\/"},{"@type":"ListItem","position":2,"name":"Standort"}]},{"@type":"WebSite","@id":"https:\/\/www.ibis-haguenau.com\/#website","url":"https:\/\/www.ibis-haguenau.com\/","name":"Ibis Haguenau ***","description":"","potentialAction":[{"@type":"SearchAction","target":{"@type":"EntryPoint","urlTemplate":"https:\/\/www.ibis-haguenau.com\/?s={search_term_string}"},"query-input":{"@type":"PropertyValueSpecification","valueRequired":true,"valueName":"search_term_string"}}],"inLanguage":"de-DE"}]}},"_links":{"self":[{"href":"https:\/\/www.ibis-haguenau.com\/de\/wp-json\/wp\/v2\/pages\/267","targetHints":{"allow":["GET"]}}],"collection":[{"href":"https:\/\/www.ibis-haguenau.com\/de\/wp-json\/wp\/v2\/pages"}],"about":[{"href":"https:\/\/www.ibis-haguenau.com\/de\/wp-json\/wp\/v2\/types\/page"}],"author":[{"embeddable":true,"href":"https:\/\/www.ibis-haguenau.com\/de\/wp-json\/wp\/v2\/users\/118"}],"replies":[{"embeddable":true,"href":"https:\/\/www.ibis-haguenau.com\/de\/wp-json\/wp\/v2\/comments?post=267"}],"version-history":[{"count":0,"href":"https:\/\/www.ibis-haguenau.com\/de\/wp-json\/wp\/v2\/pages\/267\/revisions"}],"wp:attachment":[{"href":"https:\/\/www.ibis-haguenau.com\/de\/wp-json\/wp\/v2\/media?parent=267"}],"wp:term":[{"taxonomy":"category","embeddable":true,"href":"https:\/\/www.ibis-haguenau.com\/de\/wp-json\/wp\/v2\/categories?post=267"}],"curies":[{"name":"wp","href":"https:\/\/api.w.org\/{rel}","templated":true}]}}