{"id":269,"date":"2023-10-24T21:59:37","date_gmt":"2023-10-24T21:59:37","guid":{"rendered":"https:\/\/ibis-haguenau.accorv2prod.decms.eu\/tourisme-alsace\/"},"modified":"2024-02-15T13:57:08","modified_gmt":"2024-02-15T13:57:08","slug":"tourismus-elsass","status":"publish","type":"page","link":"https:\/\/www.ibis-haguenau.com\/de\/tourismus-elsass\/","title":{"rendered":"Fremdenverkehr"},"content":{"rendered":"<p style=\"text-align: center;\">Entdecken Sie die Sehensw\u00fcrdigkeiten vom Elsass und tauchen Sie in das Reichtum der Kultur ein. Entdecken Sie den Charme von dieser malerischen Gegend, lassen Sie sich, von der Geschichte der k\u00f6stlichen K\u00fcche und authentischen Traditionen verf\u00fchren. Das Elsass ladet Sie ein f\u00fcr eine unvergessliche Reise durch ein reiches und vielf\u00e4ltiges Kulturerbe.<\/p>\n","protected":false},"excerpt":{"rendered":"<p>Entdecken Sie die Sehensw\u00fcrdigkeiten vom Elsass und tauchen Sie in das Reichtum der Kultur ein. Entdecken Sie den Charme von dieser malerischen Gegend, lassen Sie sich, von der Geschichte der k\u00f6stlichen K\u00fcche und authentischen Traditionen verf\u00fchren. Das Elsass ladet Sie ein f\u00fcr eine unvergessliche Reise durch ein reiches und vielf\u00e4ltiges Kulturerbe.<\/p>\n","protected":false},"author":118,"featured_media":0,"parent":0,"menu_order":0,"comment_status":"closed","ping_status":"closed","template":"template-surroundings.php","meta":{"footnotes":""},"categories":[],"class_list":["post-269","page","type-page","status-publish","hentry"],"acf":[],"yoast_head":"<!-- This site is optimized with the Yoast SEO plugin v26.9 - https:\/\/yoast.com\/product\/yoast-seo-wordpress\/ -->\n<title>Fremdenverkehr - Ibis Haguenau ***<\/title>\n<meta name=\"description\" content=\"Entdecken Sie die Sehensw\u00fcrdigkeiten vom Elsass und tauchen Sie in das Reichtum der Kultur ein. Entdecken Sie den Charme von dieser malerischen Gegend,\" \/>\n<meta name=\"robots\" content=\"index, follow, max-snippet:-1, max-image-preview:large, max-video-preview:-1\" \/>\n<link rel=\"canonical\" href=\"https:\/\/www.ibis-haguenau.com\/de\/tourismus-elsass\/\" \/>\n<meta property=\"og:locale\" content=\"de_DE\" \/>\n<meta property=\"og:type\" content=\"article\" \/>\n<meta property=\"og:title\" content=\"Fremdenverkehr - Ibis Haguenau ***\" \/>\n<meta property=\"og:description\" content=\"Entdecken Sie die Sehensw\u00fcrdigkeiten vom Elsass und tauchen Sie in das Reichtum der Kultur ein. Entdecken Sie den Charme von dieser malerischen Gegend,\" \/>\n<meta property=\"og:url\" content=\"https:\/\/www.ibis-haguenau.com\/de\/tourismus-elsass\/\" \/>\n<meta property=\"og:site_name\" content=\"Ibis Haguenau ***\" \/>\n<meta property=\"article:modified_time\" content=\"2024-02-15T13:57:08+00:00\" \/>\n<meta name=\"twitter:card\" content=\"summary_large_image\" \/>\n<meta name=\"twitter:label1\" content=\"Gesch\u00e4tzte Lesezeit\" \/>\n\t<meta name=\"twitter:data1\" content=\"1 Minute\" \/>\n<script type=\"application\/ld+json\" class=\"yoast-schema-graph\">{\"@context\":\"https:\/\/schema.org\",\"@graph\":[{\"@type\":\"WebPage\",\"@id\":\"https:\/\/www.ibis-haguenau.com\/de\/tourismus-elsass\/\",\"url\":\"https:\/\/www.ibis-haguenau.com\/de\/tourismus-elsass\/\",\"name\":\"Fremdenverkehr - Ibis Haguenau ***\",\"isPartOf\":{\"@id\":\"https:\/\/www.ibis-haguenau.com\/#website\"},\"datePublished\":\"2023-10-24T21:59:37+00:00\",\"dateModified\":\"2024-02-15T13:57:08+00:00\",\"description\":\"Entdecken Sie die Sehensw\u00fcrdigkeiten vom Elsass und tauchen Sie in das Reichtum der Kultur ein. Entdecken Sie den Charme von dieser malerischen Gegend,\",\"breadcrumb\":{\"@id\":\"https:\/\/www.ibis-haguenau.com\/de\/tourismus-elsass\/#breadcrumb\"},\"inLanguage\":\"de-DE\",\"potentialAction\":[{\"@type\":\"ReadAction\",\"target\":[\"https:\/\/www.ibis-haguenau.com\/de\/tourismus-elsass\/\"]}]},{\"@type\":\"BreadcrumbList\",\"@id\":\"https:\/\/www.ibis-haguenau.com\/de\/tourismus-elsass\/#breadcrumb\",\"itemListElement\":[{\"@type\":\"ListItem\",\"position\":1,\"name\":\"Home\",\"item\":\"https:\/\/www.ibis-haguenau.com\/de\/\"},{\"@type\":\"ListItem\",\"position\":2,\"name\":\"Fremdenverkehr\"}]},{\"@type\":\"WebSite\",\"@id\":\"https:\/\/www.ibis-haguenau.com\/#website\",\"url\":\"https:\/\/www.ibis-haguenau.com\/\",\"name\":\"Ibis Haguenau ***\",\"description\":\"\",\"potentialAction\":[{\"@type\":\"SearchAction\",\"target\":{\"@type\":\"EntryPoint\",\"urlTemplate\":\"https:\/\/www.ibis-haguenau.com\/?s={search_term_string}\"},\"query-input\":{\"@type\":\"PropertyValueSpecification\",\"valueRequired\":true,\"valueName\":\"search_term_string\"}}],\"inLanguage\":\"de-DE\"}]}<\/script>\n<!-- \/ Yoast SEO plugin. -->","yoast_head_json":{"title":"Fremdenverkehr - Ibis Haguenau ***","description":"Entdecken Sie die Sehensw\u00fcrdigkeiten vom Elsass und tauchen Sie in das Reichtum der Kultur ein. Entdecken Sie den Charme von dieser malerischen Gegend,","robots":{"index":"index","follow":"follow","max-snippet":"max-snippet:-1","max-image-preview":"max-image-preview:large","max-video-preview":"max-video-preview:-1"},"canonical":"https:\/\/www.ibis-haguenau.com\/de\/tourismus-elsass\/","og_locale":"de_DE","og_type":"article","og_title":"Fremdenverkehr - Ibis Haguenau ***","og_description":"Entdecken Sie die Sehensw\u00fcrdigkeiten vom Elsass und tauchen Sie in das Reichtum der Kultur ein. Entdecken Sie den Charme von dieser malerischen Gegend,","og_url":"https:\/\/www.ibis-haguenau.com\/de\/tourismus-elsass\/","og_site_name":"Ibis Haguenau ***","article_modified_time":"2024-02-15T13:57:08+00:00","twitter_card":"summary_large_image","twitter_misc":{"Gesch\u00e4tzte Lesezeit":"1 Minute"},"schema":{"@context":"https:\/\/schema.org","@graph":[{"@type":"WebPage","@id":"https:\/\/www.ibis-haguenau.com\/de\/tourismus-elsass\/","url":"https:\/\/www.ibis-haguenau.com\/de\/tourismus-elsass\/","name":"Fremdenverkehr - Ibis Haguenau ***","isPartOf":{"@id":"https:\/\/www.ibis-haguenau.com\/#website"},"datePublished":"2023-10-24T21:59:37+00:00","dateModified":"2024-02-15T13:57:08+00:00","description":"Entdecken Sie die Sehensw\u00fcrdigkeiten vom Elsass und tauchen Sie in das Reichtum der Kultur ein. Entdecken Sie den Charme von dieser malerischen Gegend,","breadcrumb":{"@id":"https:\/\/www.ibis-haguenau.com\/de\/tourismus-elsass\/#breadcrumb"},"inLanguage":"de-DE","potentialAction":[{"@type":"ReadAction","target":["https:\/\/www.ibis-haguenau.com\/de\/tourismus-elsass\/"]}]},{"@type":"BreadcrumbList","@id":"https:\/\/www.ibis-haguenau.com\/de\/tourismus-elsass\/#breadcrumb","itemListElement":[{"@type":"ListItem","position":1,"name":"Home","item":"https:\/\/www.ibis-haguenau.com\/de\/"},{"@type":"ListItem","position":2,"name":"Fremdenverkehr"}]},{"@type":"WebSite","@id":"https:\/\/www.ibis-haguenau.com\/#website","url":"https:\/\/www.ibis-haguenau.com\/","name":"Ibis Haguenau ***","description":"","potentialAction":[{"@type":"SearchAction","target":{"@type":"EntryPoint","urlTemplate":"https:\/\/www.ibis-haguenau.com\/?s={search_term_string}"},"query-input":{"@type":"PropertyValueSpecification","valueRequired":true,"valueName":"search_term_string"}}],"inLanguage":"de-DE"}]}},"_links":{"self":[{"href":"https:\/\/www.ibis-haguenau.com\/de\/wp-json\/wp\/v2\/pages\/269","targetHints":{"allow":["GET"]}}],"collection":[{"href":"https:\/\/www.ibis-haguenau.com\/de\/wp-json\/wp\/v2\/pages"}],"about":[{"href":"https:\/\/www.ibis-haguenau.com\/de\/wp-json\/wp\/v2\/types\/page"}],"author":[{"embeddable":true,"href":"https:\/\/www.ibis-haguenau.com\/de\/wp-json\/wp\/v2\/users\/118"}],"replies":[{"embeddable":true,"href":"https:\/\/www.ibis-haguenau.com\/de\/wp-json\/wp\/v2\/comments?post=269"}],"version-history":[{"count":0,"href":"https:\/\/www.ibis-haguenau.com\/de\/wp-json\/wp\/v2\/pages\/269\/revisions"}],"wp:attachment":[{"href":"https:\/\/www.ibis-haguenau.com\/de\/wp-json\/wp\/v2\/media?parent=269"}],"wp:term":[{"taxonomy":"category","embeddable":true,"href":"https:\/\/www.ibis-haguenau.com\/de\/wp-json\/wp\/v2\/categories?post=269"}],"curies":[{"name":"wp","href":"https:\/\/api.w.org\/{rel}","templated":true}]}}